{"id":734,"date":"2019-11-18T11:50:36","date_gmt":"2019-11-18T11:50:36","guid":{"rendered":"https:\/\/granadaopen.es\/?post_type=product&#038;p=734"},"modified":"2024-11-10T23:00:19","modified_gmt":"2024-11-10T23:00:19","slug":"asturias-paraiso-natural","status":"publish","type":"product","link":"https:\/\/granadaopen.es\/?product=asturias-paraiso-natural","title":{"rendered":"ASTURIAS PARAISO NATURAL"},"content":{"rendered":"<p>&nbsp;<\/p>\n<div class=\"span12\">\n<h1>El precio incluye<\/h1>\n<h6>TRANSPORTE en AUTOB\u00daS HOMOLOGADO TODO el CIRCUITO<\/h6>\n<h6>ALOJAMIENTO en hoteles de 3 \u00f3 4 estrellas (5 noches en Asturias)<\/h6>\n<h6>PENSI\u00d3N COMPLETA (agua y vino) + UN ALMUERZO EN RESTAURANTE<\/h6>\n<h6>GU\u00cdA ACOMPA\u00d1ANTE + GU\u00cdA LOCAL en Gij\u00f3n y Oviedo<\/h6>\n<h6>SEGURO DE VIAJE y ANULACI\u00d3N<\/h6>\n<\/div>\n<div class=\"span12\">\n<h1>El viaje<\/h1>\n<h4>D\u00eda 1: CIUDAD DE ORIGEN &gt; MADRID &gt; ASTURIAS<\/h4>\n<p>Salida a la hora indicada desde la terminal. Breves paradas en ruta. ALMUERZO por cuenta del cliente. Llegada al hotel. CENA Y ALOJAMIENTO.<\/p>\n<h4>D\u00eda 2: CABO DE PE\u00d1AS &gt; LUANCO &gt; VILLAVICIOSA &gt; TAZONES<\/h4>\n<p>DESAYUNO. Excursi\u00f3n INCLUIDA al Cabo de Pe\u00f1as, Mirador del Cant\u00e1brico con espectaculares acantilados. A continuaci\u00f3n visitaremos Luanco, villa marinera que en su d\u00eda fue uno de los puertos balleneros m\u00e1s importantes del Cant\u00e1brico. Regreso por la villa costera de Cand\u00e1s con visita del Santuario del Cristo. Regreso al hotel. ALMUERZO. Excursi\u00f3n INCLUIDA a Villaviciosa, importante centro de producci\u00f3n de sidra asturiana, en cuyo centro hist\u00f3rico se pueden ver palacios y casas centenarias y donde visitaremos una sidrer\u00eda para degustar el t\u00edpico \u201cculin\u201d (Entrada Incluida). Continuaci\u00f3n hasta el puerto de Tazones, t\u00edpico puerto marinero de la costa cant\u00e1brica de calles empedradas y casas bajas donde resaltan las pinturas de sus balcones y ventanas. Regreso al hotel. CENA Y ALOJAMIENTO.<\/p>\n<h4>D\u00eda 3: RIBADEO &gt; PLAYA DE LAS CATEDRALES &gt; CUDILLERO<\/h4>\n<p>DESAYUNO. Excursi\u00f3n INCLUIDA a Ribadeo, en la frontera gallega, donde aconsejamos pasear por su casco urbano que conserva hermosas residencias burguesas con influencia indiana, as\u00ed como la Torre de Los Moreno, que se ha convertido en emblema de la villa. Continuaci\u00f3n hacia la Playa de las Catedrales, declarada monumento natural cuyo principal atractivo es el conjunto de arcos de roca esculpidos por la fuerza del Mar Cant\u00e1brico con el paso de los a\u00f1os (visible en funci\u00f3n de las mareas). ALMUERZO T\u00cdPICO GALLEGO EN RESTAURANTE. Excursi\u00f3n INCLUIDA a Cudillero, con un anfiteatro \u00fanico en Asturias, se descuelga de manera escalonada, llamativa y colorista sobre el mar Cant\u00e1brico. Regreso al hotel. CENA Y ALOJAMIENTO.<\/p>\n<h4>D\u00eda 4: OVIEDO &gt; RIBADESELLA<\/h4>\n<p>DESAYUNO. Excursi\u00f3n INCLUIDA con GU\u00cdA LOCAL a Oviedo, capital del Principado de Asturias, visita panor\u00e1mica del Parque San Francisco, Plaza de la Escandalera. Visita peatonal del casco antiguo empezando por la Plaza Font\u00e1n y el Mercado de Font\u00e1n, una plaza donde se alojan varias sidrer\u00edas y tiendas de artesan\u00eda. Continuamos hac\u00eda la Plaza del Ayuntamiento y la Plaza de Trascorrales, aproveche para fotografiarse con la lechera y su burro. Es recomendable visitar el Museo de Bellas Artes con obras de Dal\u00ed, El Greco, Goya, etc.De all\u00ed a la Plaza de la Catedral, lugar emblem\u00e1tico de la obra \u00abLa Regenta\u00bb de Leopoldo Alas \u00abClar\u00edn\u00bb con su Catedral. Regreso al hotel. ALMUERZO.Excursi\u00f3n INCLUIDA a Ribadesella,pasearemos por el barrio de la playa donde veremos la mejor colecci\u00f3n de \u00abVillas de Indianos\u00bb o Palacetes de toda la costa asturiana. Continuaci\u00f3n a la desembocadura del r\u00edo Sella, famosa por el descenso internacional de pirag\u00fcismo y por la pesca del salm\u00f3n.Regreso al hotel.CENA Y ALOJAMIENTO.<\/p>\n<h4>D\u00eda 5: COVADONGA &gt; CANGAS DE ONIS &gt; GIJ\u00d3N<\/h4>\n<p>DESAYUNO. Excursi\u00f3n INCLUIDA a Covadonga. Comenzaremos visitando la Santa Cueva, donde se encuentra la Santina y la tumba del Rey Pelayo, la Bas\u00edlica. Subida en taxi tur\u00edstico a los Lagos de Covadonga, Enol y Ercina (entrada no incluida). Continuaci\u00f3n a Cangas de On\u00eds, primera capital del Reino de Espa\u00f1a, situada a orillas del r\u00edo Sella con su famoso puente romano del que pende la Cruz de la Victoria. Regreso al hotel. ALMUERZO. Excursi\u00f3n INCLUIDA con GU\u00cdA LOCAL a la villa de Gij\u00f3n, destacando el Cerro de Santa Catalina, donde se inspir\u00f3 Chillida para situar su Elogio del Horizonte, hoy s\u00edmbolo tur\u00edstico de la ciudad. Nos internaremos en Cimadevilla, el casco antiguo poblado de casas marineras y coloniales donde destaca la Torre del Reloj, la Plaza Mayor con el Ayuntamiento y la Plaza de Jovellanos con su Museo Casa Natal.Regreso al hotel.CENA Y ALOJAMIENTO.<\/p>\n<h4>D\u00eda 6: ASTURIAS &gt; MADRID &gt; CIUDAD DE ORIGEN<\/h4>\n<p>DESAYUNO. Salida a primeras horas con direcci\u00f3n a la ciudad de origen. Breves paradas en ruta. ALMUERZO por cuenta del cliente. Llegada. FIN DEL VIAJE.<\/p>\n<\/div>\n<p>&nbsp;<\/p>\n<h5><strong>Consultar precio en el tel\u00e9fono \/ whatsapp 617696362 GRANADAOPEN<\/strong><\/h5>\n<p>&nbsp;<\/p>\n<p>&nbsp;<\/p>\n","protected":false},"excerpt":{"rendered":"<p>&nbsp; El precio incluye TRANSPORTE en AUTOB\u00daS HOMOLOGADO TODO el CIRCUITO ALOJAMIENTO en hoteles de 3 \u00f3 4 estrellas (5 noches en Asturias) PENSI\u00d3N COMPLETA (agua y vino) + UN ALMUERZO EN RESTAURANTE GU\u00cdA ACOMPA\u00d1ANTE + GU\u00cdA LOCAL en Gij\u00f3n y Oviedo SEGURO DE VIAJE y ANULACI\u00d3N El viaje D\u00eda 1: CIUDAD DE ORIGEN &gt;&hellip; <br \/> <a class=\"read-more\" href=\"https:\/\/granadaopen.es\/?product=asturias-paraiso-natural\">Leer m\u00e1s<\/a><\/p>\n","protected":false},"featured_media":736,"comment_status":"open","ping_status":"closed","template":"","meta":[],"product_brand":[],"product_cat":[30],"product_tag":[76,17,122,29,75,66,78,32,128,129],"class_list":{"0":"post-734","1":"product","2":"type-product","3":"status-publish","4":"has-post-thumbnail","6":"product_cat-circuitos-nacionales","7":"product_tag-asturias","8":"product_tag-circuitos","9":"product_tag-circuitos6dias","10":"product_tag-circuitosculturales","11":"product_tag-circuitosporespana","12":"product_tag-guiacompanante","13":"product_tag-oviedo","14":"product_tag-pensioncompleta","15":"product_tag-playadelascatedrales","16":"product_tag-ribadesella","18":"first","19":"instock","20":"shipping-taxable","21":"product-type-simple"},"_links":{"self":[{"href":"https:\/\/granadaopen.es\/index.php?rest_route=\/wp\/v2\/product\/734","targetHints":{"allow":["GET"]}}],"collection":[{"href":"https:\/\/granadaopen.es\/index.php?rest_route=\/wp\/v2\/product"}],"about":[{"href":"https:\/\/granadaopen.es\/index.php?rest_route=\/wp\/v2\/types\/product"}],"replies":[{"embeddable":true,"href":"https:\/\/granadaopen.es\/index.php?rest_route=%2Fwp%2Fv2%2Fcomments&post=734"}],"wp:featuredmedia":[{"embeddable":true,"href":"https:\/\/granadaopen.es\/index.php?rest_route=\/wp\/v2\/media\/736"}],"wp:attachment":[{"href":"https:\/\/granadaopen.es\/index.php?rest_route=%2Fwp%2Fv2%2Fmedia&parent=734"}],"wp:term":[{"taxonomy":"product_brand","embeddable":true,"href":"https:\/\/granadaopen.es\/index.php?rest_route=%2Fwp%2Fv2%2Fproduct_brand&post=734"},{"taxonomy":"product_cat","embeddable":true,"href":"https:\/\/granadaopen.es\/index.php?rest_route=%2Fwp%2Fv2%2Fproduct_cat&post=734"},{"taxonomy":"product_tag","embeddable":true,"href":"https:\/\/granadaopen.es\/index.php?rest_route=%2Fwp%2Fv2%2Fproduct_tag&post=734"}],"curies":[{"name":"wp","href":"https:\/\/api.w.org\/{rel}","templated":true}]}}