{"id":717,"date":"2019-11-18T11:19:28","date_gmt":"2019-11-18T11:19:28","guid":{"rendered":"https:\/\/granadaopen.es\/?post_type=product&#038;p=717"},"modified":"2019-11-18T11:19:28","modified_gmt":"2019-11-18T11:19:28","slug":"costa-del-sol","status":"publish","type":"product","link":"https:\/\/granadaopen.es\/?product=costa-del-sol","title":{"rendered":"COSTA DEL SOL"},"content":{"rendered":"<div class=\"span12\">\n<h1>El precio incluye<\/h1>\n<h6>TRANSPORTE en AUTOB\u00daS HOMOLOGADO TODO el CIRCUITO<\/h6>\n<h6>ALOJAMIENTO en HOTEL de 4 estrellas (5 noches en M\u00e1laga, provincia)<\/h6>\n<h6>PENSI\u00d3N COMPLETA (Agua y Vino)<\/h6>\n<h6>GU\u00cdA ACOMPA\u00d1ANTE + GU\u00cdA LOCAL en M\u00e1laga<\/h6>\n<h6>SEGURO DE VIAJE y ANULACI\u00d3N<\/h6>\n<\/div>\n<div class=\"span12\">\n<h1>El viaje<\/h1>\n<h4>D\u00eda 1: Ciudad de origen &#8211; M\u00e1laga<\/h4>\n<p>Salida a la hora indicada desde la terminal. Breves paradas en ruta. ALMUERZO por cuenta del cliente. Llegada al hotel. CENA Y ALOJAMIENTO.<\/p>\n<h4>D\u00eda 2: Marbella &#8211; Puerto Ban\u00fas (Programa incluido) &#8211; Gibraltar (Programa opcional)<\/h4>\n<p>DESAYUNO. Excursi\u00f3n INCLUIDA a Marbella, preciosa localidad tur\u00edstica por excelencia donde respiraremos el ambiente m\u00e1s elitista donde se re\u00fanen innumerables famosos. Donde destacamos el Parque de la Alameda con \u00e1rboles ex\u00f3ticos, el casco antiguo con estrechas callejuelas y patios llenos de geranios y el Paseo Mar\u00edtimo con fabulosas estatuas creadas por Salvador Dal\u00ed. Continuaci\u00f3n a Puerto Ban\u00fas, lugar de residencia de las personalidades m\u00e1s adineradas del mundo. Regreso al hotel. ALMUERZO. Tarde libre en el hotel. CENA Y ALOJAMIENTO.<\/p>\n<p>Para los clientes que lo deseen como alternativa tiene excursi\u00f3n OPCIONAL de d\u00eda completo a Gibraltar. Salida desde los distintos puntos de encuentro en la Costa del Sol con direcci\u00f3n a Gibraltar,paso de la frontera, y la hora previamente indicada por nuestro gu\u00eda iniciaremos la visita de Gibraltar con Entradas Incluidas a las Cuevas de San Miguel y al recinto de los monos. ALMUERZO por cuenta del cliente.Tiempo libre.<\/p>\n<h4>D\u00eda 3: Mijas (Programa incluido) o T\u00e1nger (Programa opcional).<\/h4>\n<p>DESAYUNO. Excursi\u00f3n INCLUIDA a Mijas, bonita localidad malague\u00f1a famosa por sus burros-taxis y donde tambi\u00e9n destaca su min\u00fascula Plaza de Toros de forma irregular. Adem\u00e1s dos iglesias de estilo mud\u00e9jar, restos de la antigua muralla \u00e1rabe en los que se enclavan jardines y el interesante santuario de la Virgen de la Pe\u00f1a. Regreso al hotel. ALMUERZO. Tarde libre en el hotel.<\/p>\n<p>Para los clientes que lo deseen como alternativa tiene excursi\u00f3n OPCIONAL de d\u00eda completo a T\u00e1nger. A primera hora de la ma\u00f1ana salida hacia Tarifa donde embarcaremos en barco r\u00e1pido con destino T\u00e1nger. A la llegada visita con GU\u00cdA LOCAL de la ciudad. T\u00e1nger ciudad de cultura europea y tradici\u00f3n isl\u00e1mica conserva un gesto cosmopolita de su pasado colonial. Adentrarse en la Medina, recorrer sus zocos y disfrutar de todos los sentidos entre perfumes, especias, telas e infinidad de recuerdos artesanales hasta llegar a la Kasbah. ALMUERZO EN RESTAURANTE T\u00cdPICO. A la hora convenida traslado al puerto para embarcar. Regreso al hotel. CENA Y ALOJAMIENTO.<\/p>\n<h4>D\u00eda 4: Nerja &#8211; Frigiliana<\/h4>\n<p>DESAYUNO. Excursi\u00f3n INCLUIDA a Nerja, conocida como el \u201dBalc\u00f3n del Mediterr\u00e1neo\u201d, un mirador que regala vistas imponentes del mar a sus turistas. Continuaci\u00f3n a Frigiliana conocido como el \u201dpueblo m\u00e1s bonito de Andaluc\u00eda\u201d donde las paredes encaladas, sus calles estrechas y sinuosas, en un sinf\u00edn de escaleras que recorren todo el Barribarto, son la herencia morisca que el paso del tiempo ha dejado en su casco antiguo, uno de los mejores conservados de Espa\u00f1a. Regreso al hotel. ALMUERZO. Tarde libre en el hotel. CENA Y ALOJAMIENTO.<\/p>\n<h4>D\u00eda 5: Antequera &#8211; M\u00e1laga<\/h4>\n<p>DESAYUNO. Excursi\u00f3n INCLUIDA a Antequera situada en el centro de Andaluc\u00eda y donde podremos pasear por sus calles y contemplar los numeroso edificios religiosos donde destaca Real Colegiata de Santa Mar\u00eda la Mayor, Capilla Tribuna Virgen del Socorro, Convento de Madre de Dios de Monteagudo, etc. Regreso al hotel. Excursi\u00f3n INCLUIDA con GU\u00cdA LOCAL a M\u00e1laga, capital de la Costa del Sol y lugar de nacimiento del famoso artista Pablo Picasso. Destaca la Alcazaba, el Teatro Romano, el Museo Picasso, ect. Regreso al hotel. CENA Y ALOJAMIENTO.<\/p>\n<h4>D\u00eda 6: M\u00e1laga &#8211; Ciudad de origen<\/h4>\n<p>DESAYUNO. Salida a primeras horas con direcci\u00f3n a la ciudad de origen. Breves paradas en ruta. ALMUERZO por cuenta del cliente. Llegada. FIN DEL VIAJE.<\/p>\n<\/div>\n","protected":false},"excerpt":{"rendered":"<p>El precio incluye TRANSPORTE en AUTOB\u00daS HOMOLOGADO TODO el CIRCUITO ALOJAMIENTO en HOTEL de 4 estrellas (5 noches en M\u00e1laga, provincia) PENSI\u00d3N COMPLETA (Agua y Vino) GU\u00cdA ACOMPA\u00d1ANTE + GU\u00cdA LOCAL en M\u00e1laga SEGURO DE VIAJE y ANULACI\u00d3N El viaje D\u00eda 1: Ciudad de origen &#8211; M\u00e1laga Salida a la hora indicada desde la terminal.&hellip; <br \/> <a class=\"read-more\" href=\"https:\/\/granadaopen.es\/?product=costa-del-sol\">Leer m\u00e1s<\/a><\/p>\n","protected":false},"featured_media":719,"comment_status":"open","ping_status":"closed","template":"","meta":[],"product_brand":[],"product_cat":[30],"product_tag":[126,102,122,29,75,121,26,66,123,124,125,32,127,33,25],"class_list":{"0":"post-717","1":"product","2":"type-product","3":"status-publish","4":"has-post-thumbnail","6":"product_cat-circuitos-nacionales","7":"product_tag-antequera","8":"product_tag-circuito","9":"product_tag-circuitos6dias","10":"product_tag-circuitosculturales","11":"product_tag-circuitosporespana","12":"product_tag-costadesol","13":"product_tag-excursiones","14":"product_tag-guiacompanante","15":"product_tag-malaga","16":"product_tag-marbella","17":"product_tag-mijas","18":"product_tag-pensioncompleta","19":"product_tag-puertobanus","20":"product_tag-salidadesdegranada","21":"product_tag-visitas","23":"first","24":"instock","25":"shipping-taxable","26":"product-type-simple"},"_links":{"self":[{"href":"https:\/\/granadaopen.es\/index.php?rest_route=\/wp\/v2\/product\/717","targetHints":{"allow":["GET"]}}],"collection":[{"href":"https:\/\/granadaopen.es\/index.php?rest_route=\/wp\/v2\/product"}],"about":[{"href":"https:\/\/granadaopen.es\/index.php?rest_route=\/wp\/v2\/types\/product"}],"replies":[{"embeddable":true,"href":"https:\/\/granadaopen.es\/index.php?rest_route=%2Fwp%2Fv2%2Fcomments&post=717"}],"wp:featuredmedia":[{"embeddable":true,"href":"https:\/\/granadaopen.es\/index.php?rest_route=\/wp\/v2\/media\/719"}],"wp:attachment":[{"href":"https:\/\/granadaopen.es\/index.php?rest_route=%2Fwp%2Fv2%2Fmedia&parent=717"}],"wp:term":[{"taxonomy":"product_brand","embeddable":true,"href":"https:\/\/granadaopen.es\/index.php?rest_route=%2Fwp%2Fv2%2Fproduct_brand&post=717"},{"taxonomy":"product_cat","embeddable":true,"href":"https:\/\/granadaopen.es\/index.php?rest_route=%2Fwp%2Fv2%2Fproduct_cat&post=717"},{"taxonomy":"product_tag","embeddable":true,"href":"https:\/\/granadaopen.es\/index.php?rest_route=%2Fwp%2Fv2%2Fproduct_tag&post=717"}],"curies":[{"name":"wp","href":"https:\/\/api.w.org\/{rel}","templated":true}]}}