{"id":665,"date":"2019-10-30T18:49:41","date_gmt":"2019-10-30T18:49:41","guid":{"rendered":"https:\/\/granadaopen.es\/?post_type=product&#038;p=665"},"modified":"2019-10-30T18:49:41","modified_gmt":"2019-10-30T18:49:41","slug":"extremadura-al-completo","status":"publish","type":"product","link":"https:\/\/granadaopen.es\/?product=extremadura-al-completo","title":{"rendered":"EXTREMADURA AL COMPLETO"},"content":{"rendered":"<p>&nbsp;<\/p>\n<div id=\"AIC\">\n<div id=\"myCarousel\" class=\"carousel slide mootools-noconflict\" data-ride=\"carousel\" data-interval=\"false\">\n<div class=\"carousel-inner\">\n<div class=\"item active\">\n<div class=\"container\">\n<div class=\"carousel-caption\">\n<div class=\"span12\">\n<h1>El precio incluye<\/h1>\n<h6>TRANSPORTE en AUTOB\u00daS HOMOLOGADO TODO el CIRCUITO<\/h6>\n<h6>ALOJAMIENTO en hotele de 4 estrellas (5 noches en Extremadura)<\/h6>\n<h6>PENSI\u00d3N COMPLETA (agua y vino) con DOS ALMUERZOS en RESTAURANTE<\/h6>\n<h6>GU\u00cdA ACOMPA\u00d1ANTE + GU\u00cdA LOCAL en Badajoz y C\u00e1ceres<\/h6>\n<h6>SEGURO DE VIAJE y ANULACI\u00d3N<\/h6>\n<\/div>\n<div class=\"span12\">\n<h1>El viaje<\/h1>\n<h4>D\u00eda 1: Ciudad de origen &#8211; Madrid &#8211; Extremadura<\/h4>\n<p>Salida a la hora indicada desde la terminal. Breves paradas en ruta. ALMUERZO por cuenta del cliente. Llegada al hotel. CENA Y ALOJAMIENTO.<\/p>\n<h4>D\u00eda 2: Guadalupe &#8211; Trujillo<\/h4>\n<p>DESAYUNO. Excursi\u00f3n INCLUIDA a Guadalupe, l\u00f3gicamente el principal atractivo de Guadalupe es su monasterio (entrada no incluida). El Real Monasterio de Santa Mar\u00eda de Guadalupe es Patrimonio de la Humanidad y adem\u00e1s de la belleza y espectacularidad del edificio, el Monasterio guarda en su interior numerosos tesoros como el Claustro Mud\u00e9jar, la Sacrist\u00eda o la Capilla de San Jer\u00f3nimo. ALMUERZO T\u00cdPICO EN RESTAURANTE. Excursi\u00f3n INCLUIDA a Trujillo, tambi\u00e9n llamada \u201dCuna de Conquistadores\u201d donde han nacido hombres tan ilustres como Orellana, Pizarro, etc., Alberga un importante conjunto de iglesias, castillos y casonas solariegas que se estructuran en torno a su Plaza Mayor, presidida por la imagen de Pizarro y que est\u00e1 declarado Bien de Inter\u00e9s Cultural. Destacamos las iglesias de San Francisco, Santa Clara y San Mart\u00edn as\u00ed como los palacios de los Duques de San Carlos o de los Marqueses de la Conquista. Regreso al hotel. CENA Y ALOJAMIENTO.<\/p>\n<h4>D\u00eda 3: C\u00e1ceres &#8211; Plasencia<\/h4>\n<p>DESAYUNO. Excursi\u00f3n INCLUIDA con GU\u00cdA LOCAL a la ciudad de C\u00e1ceres, ha sido declarada Patrimonio de la Humanidad. Es uno de los conjuntos monumentales de la Edad Media y Renacimiento m\u00e1s importante del mundo. Desde la Plaza Mayor como punto de partida al casco hist\u00f3rico podemos ver las Torres de Bujaco, de los P\u00falpitos y de la Yerba. En la Ciudad Vieja (recinto intramuros) nos encontramos la Plaza de Santa Mar\u00eda donde se ubica muchos edificios de inter\u00e9s como la Concatedral de Santa Mar\u00eda y los Palacios de Carvajal, Episcopal o del Mayoralgo. Tambi\u00e9n a destacar la Juder\u00eda Vieja de calles estrechas en pendientes y muchas sin salida. ALMUERZO T\u00cdPICO EN RESTAURANTE. Excursi\u00f3n INCLUIDA a la ciudad de Plasencia donde la muralla es el gran elemento del patrimonio monumental solo traspasable por sus bellas puertas (Trujillo, Coria, Berrozana, etc). No debe perderse el acueducto medieval y la Catedral. Entre las empedradas calles de su casco hist\u00f3rico se reparten bellas iglesias y conventos sin olvidar su rica imaginer\u00eda local. Regreso al hotel. CENA Y ALOJAMIENTO.<\/p>\n<h4>D\u00eda 4: Zafra &#8211; M\u00e9rida<\/h4>\n<p>DESAYUNO. Excursi\u00f3n INCLUIDA a Zafra. Comenzaremos por visitar una almazara ecol\u00f3gica donde adem\u00e1s desayunaremos la tradicional tostada con aceite de oliva virgen extra de la m\u00e1s alta calidad. Continuaremos al centro donde destacan el Arquillo del Pan, el Retablo de la Esperancita, la Callejita del Clavel, Ayuntamiento, Calle Sevilla, el Palacio de los Duques de Feria, etc. Regreso al hotel. ALMUERZO. Excursi\u00f3n INCLUIDA a la ciudad de M\u00e9rida cuyo conjunto arqueol\u00f3gico est\u00e1 declarado Patrimonio de la Humanidad, entrar a la ciudad por un puente romano y contemplar una alcazaba \u00e1rabe, descubrir templos romanos como el teatro y Anfiteatro o Circo Romano. En el centro de la ciudad tambi\u00e9n disponemos de una gran colecci\u00f3n de monumentos como las Termas de la calle Pontezuelas, el Templo de Diana o la Concatedral de Santa Mar\u00eda la Mayor.Regreso al hotel. CENA Y ALOJAMIENTO.<\/p>\n<h4>D\u00eda 5: Badajoz &#8211; Almendralejo<\/h4>\n<p>DESAYUNO. Excursi\u00f3n INCLUIDA a Badajoz, su barrio hist\u00f3rico posee una multitud de edificios declarados Bien de Inter\u00e9s Hist\u00f3rico-Art\u00edstico-Cultural como la Alcazaba, la Catedral de San Juan, las murallas de estilo Vauban. ALMUERZO. Excursi\u00f3n INCLUIDA a Almendralejo, capital de la Comarca de Tierra de Barros y sede del Consejo Regulador de la denominaci\u00f3n de origen Ribera del Guadiana, donde recomendamos disfrutar del monumental blas\u00f3n del Palacio de los Marqueses de Monsalud y las Iglesias Parroquiales cat\u00f3licas de San Roque, San Jos\u00e9 y Nuestra Se\u00f1ora de la Purificaci\u00f3n. Regreso al hotel. CENA Y ALOJAMIENTO.<\/p>\n<h4>D\u00eda 6: Extremadura &#8211; Madrid &#8211; Ciudad de origen<\/h4>\n<p>DESAYUNO. Salida a primeras horas con direcci\u00f3n a la ciudad de origen. Breves paradas en ruta. ALMUERZO por cuenta del cliente. Llegada. FIN DEL VIAJE.<\/p>\n<\/div>\n<\/div>\n<\/div>\n<\/div>\n<\/div>\n<\/div>\n<\/div>\n<div class=\"bt-social-share bt-social-share-below\"><\/div>\n<div>\n<h5><strong>Consultar precio en el tel\u00e9fono \/ whatsapp 617696362 GRANADAOPEN<\/strong><\/h5>\n<\/div>\n","protected":false},"excerpt":{"rendered":"<p>&nbsp; El precio incluye TRANSPORTE en AUTOB\u00daS HOMOLOGADO TODO el CIRCUITO ALOJAMIENTO en hotele de 4 estrellas (5 noches en Extremadura) PENSI\u00d3N COMPLETA (agua y vino) con DOS ALMUERZOS en RESTAURANTE GU\u00cdA ACOMPA\u00d1ANTE + GU\u00cdA LOCAL en Badajoz y C\u00e1ceres SEGURO DE VIAJE y ANULACI\u00d3N El viaje D\u00eda 1: Ciudad de origen &#8211; Madrid &#8211;&hellip; <br \/> <a class=\"read-more\" href=\"https:\/\/granadaopen.es\/?product=extremadura-al-completo\">Leer m\u00e1s<\/a><\/p>\n","protected":false},"featured_media":667,"comment_status":"open","ping_status":"closed","template":"","meta":[],"product_brand":[],"product_cat":[30],"product_tag":[114,17,29,19,75,113,66,112,21,115,33,116,28,61],"class_list":{"0":"post-665","1":"product","2":"type-product","3":"status-publish","4":"has-post-thumbnail","6":"product_cat-circuitos-nacionales","7":"product_tag-caceres","8":"product_tag-circuitos","9":"product_tag-circuitosculturales","10":"product_tag-circuitosnacionales","11":"product_tag-circuitosporespana","12":"product_tag-extremadura","13":"product_tag-guiacompanante","14":"product_tag-guialocal","15":"product_tag-pension-completa","16":"product_tag-plasencia","17":"product_tag-salidadesdegranada","18":"product_tag-trujillo","19":"product_tag-visitasculturales","20":"product_tag-visitasguiadas","22":"first","23":"instock","24":"shipping-taxable","25":"product-type-simple"},"_links":{"self":[{"href":"https:\/\/granadaopen.es\/index.php?rest_route=\/wp\/v2\/product\/665","targetHints":{"allow":["GET"]}}],"collection":[{"href":"https:\/\/granadaopen.es\/index.php?rest_route=\/wp\/v2\/product"}],"about":[{"href":"https:\/\/granadaopen.es\/index.php?rest_route=\/wp\/v2\/types\/product"}],"replies":[{"embeddable":true,"href":"https:\/\/granadaopen.es\/index.php?rest_route=%2Fwp%2Fv2%2Fcomments&post=665"}],"wp:featuredmedia":[{"embeddable":true,"href":"https:\/\/granadaopen.es\/index.php?rest_route=\/wp\/v2\/media\/667"}],"wp:attachment":[{"href":"https:\/\/granadaopen.es\/index.php?rest_route=%2Fwp%2Fv2%2Fmedia&parent=665"}],"wp:term":[{"taxonomy":"product_brand","embeddable":true,"href":"https:\/\/granadaopen.es\/index.php?rest_route=%2Fwp%2Fv2%2Fproduct_brand&post=665"},{"taxonomy":"product_cat","embeddable":true,"href":"https:\/\/granadaopen.es\/index.php?rest_route=%2Fwp%2Fv2%2Fproduct_cat&post=665"},{"taxonomy":"product_tag","embeddable":true,"href":"https:\/\/granadaopen.es\/index.php?rest_route=%2Fwp%2Fv2%2Fproduct_tag&post=665"}],"curies":[{"name":"wp","href":"https:\/\/api.w.org\/{rel}","templated":true}]}}