{"id":266,"date":"2019-09-10T09:42:04","date_gmt":"2019-09-10T09:42:04","guid":{"rendered":"https:\/\/granadaopen.es\/?post_type=product&#038;p=266"},"modified":"2019-09-24T10:27:18","modified_gmt":"2019-09-24T10:27:18","slug":"circuito-comarca-de-la-vera-puente-del-pilar-desde-granada","status":"publish","type":"product","link":"https:\/\/granadaopen.es\/?product=circuito-comarca-de-la-vera-puente-del-pilar-desde-granada","title":{"rendered":"CIRCUITO COMARCA DE LA VERA \u00abPUENTE DEL PILAR\u00bb DESDE GRANADA"},"content":{"rendered":"<p>&nbsp;<\/p>\n<p>&nbsp;<\/p>\n<h3 style=\"text-align: center;\">D\u00eda 1\u00ba. ORIGEN &#8211; C\u00c1CERES &#8211; PLASENCIA. M.P.<\/h3>\n<h5 style=\"text-align: center;\"><strong>Salida desde la terminal a la hora indicada con direcci\u00f3n a C\u00e1ceres, ciudad Patrimonio de la Humanidad. Tiempo libre para disfrutar de esta hist\u00f3rica<\/strong><br \/>\n<strong>y monumental ciudad. Su conjunto monumental<\/strong><br \/>\n<strong>bien podr\u00eda compararse con una ciudad medieval<\/strong><br \/>\n<strong>completa, en unas condiciones de conservaci\u00f3n inigualables. A la hora indicada partiremos hacia Plasencia, ciudad medieval y monumental en la que<\/strong><br \/>\n<strong>destaca el entorno de la Catedral vieja y nueva y su<\/strong><br \/>\n<strong>magn\u00edfica representaci\u00f3n de arquitectura palaciega.<\/strong><br \/>\n<strong>Posibilidad de realizar una visita opcional con gu\u00eda<\/strong><br \/>\n<strong>local del Casco Antiguo de ambas ciudades. Llegada<\/strong><br \/>\n<strong>al hotel, acomodaci\u00f3n, cena con las bebidas incluidas y alojamiento.<\/strong><\/h5>\n<h3 style=\"text-align: center;\">D\u00eda 2\u00ba. COMARCA DE LA VERA: Monasterio<br \/>\nde Yuste y Garganta la Olla. HERV\u00c1S. M.P.<\/h3>\n<h5 style=\"text-align: center;\"><strong>Desayuno buffet. Salida hacia la Comarca de la<\/strong><br \/>\n<strong>Vera, donde podemos destacar el alto valor paisaj\u00edstico. Nuestra primera parada ser\u00e1 el Monasterio de<\/strong><br \/>\n<strong>Yuste, lugar elegido por Carlos V para pasar los \u00faltimos d\u00edas de su vida. A pocos kil\u00f3metros se encuentra<\/strong><br \/>\n<strong>la poblaci\u00f3n de Garganta la Olla, enclavada en un<\/strong><br \/>\n<strong>paraje colorista y arm\u00f3nico, situada en la falda de la<\/strong><br \/>\n<strong>Sierra de Tormantos, y posee tambi\u00e9n la declaraci\u00f3n<\/strong><br \/>\n<strong>de Conjunto Hist\u00f3rico Art\u00edstico. Regreso al hotel. Por<\/strong><br \/>\n<strong>la tarde visitaremos Herv\u00e1s, bella localidad del Valle<\/strong><br \/>\n<strong>del Ambroz, en la que es imprescindible recorrer la<\/strong><br \/>\n<strong>juder\u00eda y disfrutar del encanto de sus calles, rincones<\/strong><br \/>\n<strong>y plazuelas, los cuales te sumergen en el medievo.<\/strong><br \/>\n<strong>Cena con bebidas y alojamiento en el hotel.<\/strong><\/h5>\n<h3 style=\"text-align: center;\">D\u00eda 3\u00ba. CORIA &#8211; ZAFRA &#8211; ORIGEN.<\/h3>\n<h5 style=\"text-align: center;\"><strong>Desayuno buffet y salida hacia Coria. Un paseo por<\/strong><br \/>\n<strong>sus callejuelas, plazas y plazuelas que describen el<\/strong><br \/>\n<strong>trazado irregular medieval de la ciudad intramuros,<\/strong><br \/>\n<strong>nos permitir\u00e1 descubrir la arcaica estructura de su<\/strong><br \/>\n<strong>trazado antiguo y el magn\u00edfico legado monumental<\/strong><br \/>\n<strong>que atesora. Continuaci\u00f3n hacia Zafra, poblaci\u00f3n<\/strong><br \/>\n<strong>presidida por su Alc\u00e1zar del s. XV. En la actualidad<\/strong><br \/>\n<strong>el Alc\u00e1zar alberga un parador de turismo. En su entorno se articula la poblaci\u00f3n medieval, compuesta<\/strong><br \/>\n<strong>por calles angostas con una peculiar trama con forma<\/strong><br \/>\n<strong>de caparaz\u00f3n de tortuga. Una muralla de piedra del<\/strong><br \/>\n<strong>s. XV la rodeaba por completo, conserv\u00e1ndose tres<\/strong><br \/>\n<strong>de las ocho puertas con que contaba. La Plaza<\/strong><br \/>\n<strong>Grande, arqueada, se sit\u00faa en el centro mismo de la<\/strong><br \/>\n<strong>poblaci\u00f3n. Conect\u00e1ndose con ella mediante el popular \u00abArquillo del Pan\u00bb, se halla su hermana menor la<\/strong><br \/>\n<strong>Plaza Chica. Tiempo libre para el almuerzo no incluido. A primera hora de la tarde saldremos con direcci\u00f3n a los diferentes lugares de origen. FIN DEL<\/strong><br \/>\n<strong>VIAJE Y DE NUESTROS SERVICIOS.<\/strong><\/h5>\n<p style=\"text-align: center;\">\n<ul style=\"text-align: center;\">\n<li>\n<h5>HOTEL SELECCIONADO:<\/h5>\n<h5>CIUDAD DEL JERTE 4*<\/h5>\n<\/li>\n<li>\n<h5>Precio por persona en hab. doble: 197\u20ac<\/h5>\n<h5>Suplemento individual: 45\u20ac<\/h5>\n<\/li>\n<li>\n<h5>Descuento especial mayores de 55 a\u00f1os 10%<\/h5>\n<\/li>\n<li>\n<h5>Suplemento opcional Seguro Cancelaci\u00f3n 11\u20ac<\/h5>\n<\/li>\n<\/ul>\n<p style=\"text-align: center;\">*Para informaci\u00f3n y reservas contacta en el 617696362.<\/p>\n<p style=\"text-align: center;\">&#8211;&gt; accede a nuestra p\u00e1gina http:\/\/granadaopen.es<\/p>\n<p style=\"text-align: center;\">&#8211;&gt; siguenos en facebook ViajesGranadaOpen<\/p>\n<p style=\"text-align: center;\">&#8211;&gt; siguenos en instagram ViajesGranadaOpen<\/p>\n","protected":false},"excerpt":{"rendered":"<p>&nbsp; &nbsp; D\u00eda 1\u00ba. ORIGEN &#8211; C\u00c1CERES &#8211; PLASENCIA. M.P. Salida desde la terminal a la hora indicada con direcci\u00f3n a C\u00e1ceres, ciudad Patrimonio de la Humanidad. Tiempo libre para disfrutar de esta hist\u00f3rica y monumental ciudad. Su conjunto monumental bien podr\u00eda compararse con una ciudad medieval completa, en unas condiciones de conservaci\u00f3n inigualables. A&hellip; <br \/> <a class=\"read-more\" href=\"https:\/\/granadaopen.es\/?product=circuito-comarca-de-la-vera-puente-del-pilar-desde-granada\">Leer m\u00e1s<\/a><\/p>\n","protected":false},"featured_media":283,"comment_status":"open","ping_status":"closed","template":"","meta":[],"product_brand":[],"product_cat":[85],"product_tag":[98,17,29,75,101,87,96,66,88,97,93,86,34,61],"class_list":{"0":"post-266","1":"product","2":"type-product","3":"status-publish","4":"has-post-thumbnail","6":"product_cat-puentes","7":"product_tag-chollos","8":"product_tag-circuitos","9":"product_tag-circuitosculturales","10":"product_tag-circuitosporespana","11":"product_tag-comarcadelavera","12":"product_tag-escapadas","13":"product_tag-findesemana","14":"product_tag-guiacompanante","15":"product_tag-mediapension","16":"product_tag-ofertas","17":"product_tag-puentedelpilar","18":"product_tag-puentes","19":"product_tag-salidasdesdegranada","20":"product_tag-visitasguiadas","22":"first","23":"instock","24":"shipping-taxable","25":"product-type-simple"},"_links":{"self":[{"href":"https:\/\/granadaopen.es\/index.php?rest_route=\/wp\/v2\/product\/266","targetHints":{"allow":["GET"]}}],"collection":[{"href":"https:\/\/granadaopen.es\/index.php?rest_route=\/wp\/v2\/product"}],"about":[{"href":"https:\/\/granadaopen.es\/index.php?rest_route=\/wp\/v2\/types\/product"}],"replies":[{"embeddable":true,"href":"https:\/\/granadaopen.es\/index.php?rest_route=%2Fwp%2Fv2%2Fcomments&post=266"}],"wp:featuredmedia":[{"embeddable":true,"href":"https:\/\/granadaopen.es\/index.php?rest_route=\/wp\/v2\/media\/283"}],"wp:attachment":[{"href":"https:\/\/granadaopen.es\/index.php?rest_route=%2Fwp%2Fv2%2Fmedia&parent=266"}],"wp:term":[{"taxonomy":"product_brand","embeddable":true,"href":"https:\/\/granadaopen.es\/index.php?rest_route=%2Fwp%2Fv2%2Fproduct_brand&post=266"},{"taxonomy":"product_cat","embeddable":true,"href":"https:\/\/granadaopen.es\/index.php?rest_route=%2Fwp%2Fv2%2Fproduct_cat&post=266"},{"taxonomy":"product_tag","embeddable":true,"href":"https:\/\/granadaopen.es\/index.php?rest_route=%2Fwp%2Fv2%2Fproduct_tag&post=266"}],"curies":[{"name":"wp","href":"https:\/\/api.w.org\/{rel}","templated":true}]}}