{"id":262,"date":"2019-09-10T09:18:30","date_gmt":"2019-09-10T09:18:30","guid":{"rendered":"https:\/\/granadaopen.es\/?post_type=product&#038;p=262"},"modified":"2019-09-10T09:18:30","modified_gmt":"2019-09-10T09:18:30","slug":"circuito-ruta-de-los-conquistadores-puente-del-pilar-desde-granada","status":"publish","type":"product","link":"https:\/\/granadaopen.es\/?product=circuito-ruta-de-los-conquistadores-puente-del-pilar-desde-granada","title":{"rendered":"CIRCUITO RUTA DE LOS CONQUISTADORES \u00abPUENTE DEL PILAR\u00bb DESDE GRANADA"},"content":{"rendered":"<p>&nbsp;<\/p>\n<p>&nbsp;<\/p>\n<h3 style=\"text-align: center;\">D\u00eda 1\u00ba. ORIGEN &#8211; M\u00c9RIDA. M.P.<\/h3>\n<h5 style=\"text-align: center;\"><strong>Salida desde la terminal con direcci\u00f3n a M\u00e9rida,<\/strong><br \/>\n<strong>ciudad declarada Patrimonio de la Humanidad. Acomodaci\u00f3n en el hotel y almuerzo incluido con bebidas. Esta monumental poblaci\u00f3n es una de las<\/strong><br \/>\n<strong>m\u00e1s famosas capitales romanas y fue fundada por<\/strong><br \/>\n<strong>el emperador Augusto en el a\u00f1o 25 a.C. Podemos<\/strong><br \/>\n<strong>afirmar que ninguna otra ciudad de nuestro pa\u00eds<\/strong><br \/>\n<strong>conserva tantos restos romanos como M\u00e9rida; su<\/strong><br \/>\n<strong>gran Teatro es el mejor de los trece que existen en<\/strong><br \/>\n<strong>la Pen\u00ednsula y una de las construcciones romanas<\/strong><br \/>\n<strong>m\u00e1s bellas de Espa\u00f1a. Unido al Teatro est\u00e1 el Anfiteatro, donde se celebraban espect\u00e1culos de luchas<\/strong><br \/>\n<strong>con fieras y gladiadores y cercanos est\u00e1n la Casa del<\/strong><br \/>\n<strong>Anfiteatro y el sorprendente Museo Nacional de Arte<\/strong><br \/>\n<strong>Romano. Posibilidad de realizar una visita opcional<\/strong><br \/>\n<strong>con gu\u00eda local. Alojamiento en el hotel.<\/strong><\/h5>\n<h3 style=\"text-align: center;\">D\u00eda 2\u00ba. M\u00c9RIDA &#8211; TRUJILLO &#8211; GUADALUPE. M.P.<\/h3>\n<h5 style=\"text-align: center;\"><strong>Desayuno buffet y salida hacia Trujillo, cuna de<\/strong><br \/>\n<strong>Conquistadores, patria de Pizarro, referencia obligada para los visitantes que deseen conocer la historia de esta tierra extreme\u00f1a. Calificada de ciudad<\/strong><br \/>\n<strong>perfecta por la UNESCO y la Fundaci\u00f3n Europea,<\/strong><br \/>\n<strong>Trujillo exhibe al visitante un singular tesoro urban\u00edstico. Para un mayor conocimiento de la misma,<\/strong><br \/>\n<strong>proponemos realizar una visita opcional con gu\u00eda<\/strong><br \/>\n<strong>local del casco hist\u00f3rico. Continuaci\u00f3n a Guadalupe,<\/strong><br \/>\n<strong>poblaci\u00f3n formada por estrechas callejuelas empedradas, edificios entramados y encajados entre s\u00ed,<\/strong><br \/>\n<strong>casas hacinadas con balcones de hierro y madera y<\/strong><br \/>\n<strong>una serie de plazuelas con mucho sabor a historia.<\/strong><br \/>\n<strong>Imprescindible es hablar de su Monasterio, grandioso conjunto guerrero y monacal, mezcla de templo, alc\u00e1zar y fortaleza y considerado uno de los<\/strong><br \/>\n<strong>santuarios m\u00e1s importantes de Espa\u00f1a. Tiempo libre<\/strong><br \/>\n<strong>para realizar el almuerzo no incluido. Regreso a M\u00e9rida. Cena con bebidas incluidas y alojamiento.<\/strong><\/h5>\n<h3 style=\"text-align: center;\">D\u00eda 3\u00ba. M\u00c9RIDA &#8211; C\u00c1CERES &#8211; ORIGEN.<\/h3>\n<h5 style=\"text-align: center;\"><strong>Desayuno buffet y salida hacia C\u00e1ceres. Tiempo<\/strong><br \/>\n<strong>libre para disfrutar de esta hist\u00f3rica y monumental<\/strong><br \/>\n<strong>ciudad. M\u00e1s de una decena de torres presiden el<\/strong><br \/>\n<strong>casco antiguo de C\u00e1ceres, delimitado por murallas<\/strong><br \/>\n<strong>de \u00e9poca \u00e1rabe. Calles empedradas jalonadas de<\/strong><br \/>\n<strong>casas-fortaleza medievales y palacios renacentistas<\/strong><br \/>\n<strong>componen las estampas m\u00e1s bellas de esta ciudad<\/strong><br \/>\n<strong>declarada Patrimonio de la Humanidad. Su conjunto<\/strong><br \/>\n<strong>monumental bien podr\u00eda compararse con una ciudad medieval completa. Posibilidad de realizar una<\/strong><br \/>\n<strong>visita opcional con gu\u00eda local del Casco Antiguo. A<\/strong><br \/>\n<strong>primera hora de la tarde saldremos con direcci\u00f3n a<\/strong><br \/>\n<strong>los diferentes lugares de origen. FIN DEL VIAJE Y<\/strong><br \/>\n<strong>DE NUESTROS SERVICIOS.<\/strong><\/h5>\n<p>&nbsp;<\/p>\n<ul style=\"text-align: center;\">\n<li>\n<ul style=\"text-align: center;\">\n<li>\n<h5>HOTEL SELECCIONADO:<\/h5>\n<\/li>\n<li>\n<h5>VELADA M\u00c9RIDA HHHH M\u00e9rida (Ciudad)<\/h5>\n<\/li>\n<\/ul>\n<\/li>\n<li>\n<h5>Precio por persona en hab. doble: 197\u20ac<\/h5>\n<h5>Suplemento individual: 69\u20ac<\/h5>\n<\/li>\n<li>\n<h5>Descuento especial mayores de 55 a\u00f1os 10%<\/h5>\n<\/li>\n<li>\n<h5>Suplemento opcional Seguro Cancelaci\u00f3n 11\u20ac<\/h5>\n<\/li>\n<\/ul>\n<p style=\"text-align: center;\">*Para informaci\u00f3n y reservas contacta en el 617696362.<\/p>\n<p style=\"text-align: center;\">&#8211;&gt; accede a nuestra p\u00e1gina http:\/\/granadaopen.es<\/p>\n<p style=\"text-align: center;\">&#8211;&gt; siguenos en facebook ViajesGranadaOpen<\/p>\n<p style=\"text-align: center;\">&#8211;&gt; siguenos en instagram ViajesGranadaOpen<\/p>\n","protected":false},"excerpt":{"rendered":"<p>&nbsp; &nbsp; D\u00eda 1\u00ba. ORIGEN &#8211; M\u00c9RIDA. M.P. Salida desde la terminal con direcci\u00f3n a M\u00e9rida, ciudad declarada Patrimonio de la Humanidad. Acomodaci\u00f3n en el hotel y almuerzo incluido con bebidas. Esta monumental poblaci\u00f3n es una de las m\u00e1s famosas capitales romanas y fue fundada por el emperador Augusto en el a\u00f1o 25 a.C. Podemos&hellip; <br \/> <a class=\"read-more\" href=\"https:\/\/granadaopen.es\/?product=circuito-ruta-de-los-conquistadores-puente-del-pilar-desde-granada\">Leer m\u00e1s<\/a><\/p>\n","protected":false},"featured_media":279,"comment_status":"open","ping_status":"closed","template":"","meta":[],"product_brand":[],"product_cat":[85],"product_tag":[17,75,96,23,66,88,99,93,86,100,34,28,61],"class_list":{"0":"post-262","1":"product","2":"type-product","3":"status-publish","4":"has-post-thumbnail","6":"product_cat-puentes","7":"product_tag-circuitos","8":"product_tag-circuitosporespana","9":"product_tag-findesemana","10":"product_tag-guia","11":"product_tag-guiacompanante","12":"product_tag-mediapension","13":"product_tag-octubre","14":"product_tag-puentedelpilar","15":"product_tag-puentes","16":"product_tag-rutadelosconquistadores","17":"product_tag-salidasdesdegranada","18":"product_tag-visitasculturales","19":"product_tag-visitasguiadas","21":"first","22":"instock","23":"shipping-taxable","24":"product-type-simple"},"_links":{"self":[{"href":"https:\/\/granadaopen.es\/index.php?rest_route=\/wp\/v2\/product\/262","targetHints":{"allow":["GET"]}}],"collection":[{"href":"https:\/\/granadaopen.es\/index.php?rest_route=\/wp\/v2\/product"}],"about":[{"href":"https:\/\/granadaopen.es\/index.php?rest_route=\/wp\/v2\/types\/product"}],"replies":[{"embeddable":true,"href":"https:\/\/granadaopen.es\/index.php?rest_route=%2Fwp%2Fv2%2Fcomments&post=262"}],"wp:featuredmedia":[{"embeddable":true,"href":"https:\/\/granadaopen.es\/index.php?rest_route=\/wp\/v2\/media\/279"}],"wp:attachment":[{"href":"https:\/\/granadaopen.es\/index.php?rest_route=%2Fwp%2Fv2%2Fmedia&parent=262"}],"wp:term":[{"taxonomy":"product_brand","embeddable":true,"href":"https:\/\/granadaopen.es\/index.php?rest_route=%2Fwp%2Fv2%2Fproduct_brand&post=262"},{"taxonomy":"product_cat","embeddable":true,"href":"https:\/\/granadaopen.es\/index.php?rest_route=%2Fwp%2Fv2%2Fproduct_cat&post=262"},{"taxonomy":"product_tag","embeddable":true,"href":"https:\/\/granadaopen.es\/index.php?rest_route=%2Fwp%2Fv2%2Fproduct_tag&post=262"}],"curies":[{"name":"wp","href":"https:\/\/api.w.org\/{rel}","templated":true}]}}