{"id":189,"date":"2019-08-07T17:33:06","date_gmt":"2019-08-07T17:33:06","guid":{"rendered":"https:\/\/granadaopen.es\/?post_type=product&#038;p=189"},"modified":"2019-08-10T11:59:50","modified_gmt":"2019-08-10T11:59:50","slug":"galicia-rias-bajas-y-norte-de-portugal","status":"publish","type":"product","link":"https:\/\/granadaopen.es\/?product=galicia-rias-bajas-y-norte-de-portugal","title":{"rendered":"GALICIA R\u00cdAS BAJAS Y NORTE DE PORTUGAL"},"content":{"rendered":"<p>&nbsp;<\/p>\n<div class=\"span12\">\n<h2>El precio incluye<\/h2>\n<p>&nbsp;<\/p>\n<h6>TRANSPORTE en AUTOB\u00daS HOMOLOGADO TODO el CIRCUITO DESDE GRANADA<\/h6>\n<h6>ALOJAMIENTO en hoteles de 2 \u00f3 3 estrellas (5 noches en Galicia)<\/h6>\n<h6>PENSI\u00d3N COMPLETA (agua y vino)<\/h6>\n<h6>GU\u00cdA ACOMPA\u00d1ANTE + GU\u00cdA LOCAL en La Coru\u00f1a y Santiago de Compostela<\/h6>\n<h6>SEGURO DE VIAJE y ANULACI\u00d3N<\/h6>\n<p>&nbsp;<\/p>\n<\/div>\n<div class=\"span12\">\n<h2>El viaje<\/h2>\n<p>&nbsp;<\/p>\n<h4>D\u00eda 1: CIUDAD DE ORIGEN &gt; MADRID &gt; GALICIA<\/h4>\n<p>Salida a la hora indicada desde la terminal. Breves paradas en ruta. ALMUERZO por cuenta del cliente. Llegada al hotel. CENA Y ALOJAMIENTO.<\/p>\n<h4>D\u00eda 2: VIGO &gt; PONTEVEDRA<\/h4>\n<p>DESAYUNO. Excursi\u00f3n INCLUIDA a Vigo, empezamos por el Monte de O Castro con sus impresionantes vistas a la R\u00eda de Vigo continuamos hac\u00eda el barrio hist\u00f3rico de Vigo desde Praza da Constituci\u00f3n hasta la ribera del Berb\u00e9s pasando por el Mercado de A Pedra o la Praza da Pescader\u00eda. Regreso al hotel. ALMUERZO. Excursi\u00f3n INCLUIDA a la ciudad de Pontevedra, ciudad que conserva un casco hist\u00f3rico con calles empedradas y recogidas plazuelas. En pleno centro nos encontramos la Plaza de Espa\u00f1a con el Ayuntamiento y las ruinas medievales del convento de Santo Domingo, tambi\u00e9n a destacar el Santuario de la Peregrina, la Plaza de la Ferrer\u00eda y la Iglesia convento de San Francisco. Regreso al hotel. CENA Y ALOJAMIENTO.<\/p>\n<h4>D\u00eda 3: LA CORU\u00d1A &gt; CAMBADOS<\/h4>\n<p>DESAYUNO. Excursi\u00f3n INCLUIDA con GU\u00cdA LOCAL a La Coru\u00f1a donde disfrutaremos de la Torre de H\u00e9rcules, el faro activo m\u00e1s antiguo del mundo. En la Ciudad Vieja entre r\u00faas de nombres de antiguos gremios, Plazas y Plazuelas destacamos la Casa Museo de Mar\u00eda Pita y de la escritora Emilia Pardo Baz\u00e1n. Regreso al hotel. ALMUERZO. Excursi\u00f3n INCLUIDA a Cambados, cuna del famoso vino albari\u00f1o, villa de gran valor arquitect\u00f3nico, donde destaca el Pazo de Fefi\u00f1\u00e1ns, las ruinas de Santa Mari\u00f1a y la Torre de San Sadurni\u00f1o. Continuaci\u00f3n a una bodega de vino D.O. R\u00edas Baixas con degustaci\u00f3n (Entrada Incluida).Regreso al hotel.CENA Y ALOJAMIENTO.<\/p>\n<h4>D\u00eda 4: SANTIAGO DE COMPOSTELA &gt; TUI &gt; VALEN\u00c7A DO MI\u00d1O (Norte de Portugal)<\/h4>\n<p>DESAYUNO. Excursi\u00f3n INCLUIDA con GU\u00cdA LOCAL a Santiago de Compostela, capital de Galicia y declarada por la UNESCO Ciudad Patrimonio de la Humanidad.Comenzamos con su emblem\u00e1tica Catedral,P\u00f3rtico de la Gloria,tumba de Santiago Ap\u00f3stol d\u00e1ndole el caracter\u00edstico abrazo al Ap\u00f3stol. Los estilos rom\u00e1nico, g\u00f3tico y barroco se mezclan en perfecta armon\u00eda en lugares tan emblem\u00e1ticos como las plazas del Obradoiro, Plater\u00edas, Quintana y Abastos, el Hostal de los Reyes Cat\u00f3licos, el Palacio de Rajoy, el colegio de San Jer\u00f3nimo, el monasterio de San Mart\u00edn Pinario o el convento de San Francisco. Degustaci\u00f3n de productos t\u00edpicos de Galicia. Regreso al hotel. ALMUERZO. Excursi\u00f3n INCLUIDA al norte de Portugal pudiendo realizar compras en el t\u00edpico mercadillo del pueblo de Valen\u00e7a do Mi\u00f1o, visitando sus murallas que rodean todo el pueblo. Continuamos la ruta hasta llegar a Tui, sede episcopal con su Catedral del siglo XIII. Regreso al hotel.CENA Y ALOJAMIENTO.Fiesta con QUEIMADA y baile.<\/p>\n<h4>D\u00eda 5: ERMITA A LANZADA &gt; LA TOJA &gt; O GROVE &gt; POIO &gt; COMBARRO<\/h4>\n<p>DESAYUNO. Excursi\u00f3n INCLUIDA a la Ermita de A Lanzada, muestra del rom\u00e1nico tard\u00edo del siglo XII situada entre dos pen\u00ednsulas que esconde entre sus rocas una antigua historia relacionada con el rito del ba\u00f1o de las nueves olas. Continuaci\u00f3n a la Isla de La Toja conocida por la f\u00e1brica de jabones y cosm\u00e9ticos hechos con minerales de su manantial y la Capilla de las Conchas. Continuamos a O Grove donde se puede disfrutar de un paseo en barco por la r\u00eda de Arosa (entrada no incluida). Regreso al hotel. ALMUERZO. Excursi\u00f3n INCLUIDA al Monasterio Mercedario de Poio (entrada no incluida). Continuaci\u00f3n a Combarro, para contemplar los innumerables h\u00f3rreos sobre la R\u00eda de Pontevedra, as\u00ed como degustar en sus terrazas los mariscos t\u00edpicos del lugar. Regreso al hotel. CENA Y ALOJAMIENTO. Para los clientes que lo deseen de forma opcional se ofrecer\u00e1 CENA con MARISCADA.<\/p>\n<h4>D\u00eda 6: GALICIA&gt; MADRID &gt; CIUDAD DE ORIGEN<\/h4>\n<p>DESAYUNO. Salida a primeras horas con direcci\u00f3n a la ciudad de origen. Breves paradas en ruta. ALMUERZO por cuenta del cliente. Llegada. FIN DEL VIAJE.<\/p>\n<\/div>\n<p>&nbsp;<\/p>\n<ul>\n<li>\n<h5><strong>Consultar precio en el tel\u00e9fono \/ whatsapp 617696362 GRANADAOPEN<\/strong><\/h5>\n<\/li>\n<\/ul>\n","protected":false},"excerpt":{"rendered":"<p>&nbsp; El precio incluye &nbsp; TRANSPORTE en AUTOB\u00daS HOMOLOGADO TODO el CIRCUITO DESDE GRANADA ALOJAMIENTO en hoteles de 2 \u00f3 3 estrellas (5 noches en Galicia) PENSI\u00d3N COMPLETA (agua y vino) GU\u00cdA ACOMPA\u00d1ANTE + GU\u00cdA LOCAL en La Coru\u00f1a y Santiago de Compostela SEGURO DE VIAJE y ANULACI\u00d3N &nbsp; El viaje &nbsp; D\u00eda 1: CIUDAD&hellip; <br \/> <a class=\"read-more\" href=\"https:\/\/granadaopen.es\/?product=galicia-rias-bajas-y-norte-de-portugal\">Leer m\u00e1s<\/a><\/p>\n","protected":false},"featured_media":191,"comment_status":"open","ping_status":"closed","template":"","meta":[],"product_brand":[],"product_cat":[30],"product_tag":[22,17,29,19,31,23,66,74,32,73,34,28,61],"class_list":{"0":"post-189","1":"product","2":"type-product","3":"status-publish","4":"has-post-thumbnail","6":"product_cat-circuitos-nacionales","7":"product_tag-6dias","8":"product_tag-circuitos","9":"product_tag-circuitosculturales","10":"product_tag-circuitosnacionales","11":"product_tag-galicia","12":"product_tag-guia","13":"product_tag-guiacompanante","14":"product_tag-norteportugal","15":"product_tag-pensioncompleta","16":"product_tag-riasbajas","17":"product_tag-salidasdesdegranada","18":"product_tag-visitasculturales","19":"product_tag-visitasguiadas","21":"first","22":"instock","23":"featured","24":"shipping-taxable","25":"product-type-simple"},"_links":{"self":[{"href":"https:\/\/granadaopen.es\/index.php?rest_route=\/wp\/v2\/product\/189","targetHints":{"allow":["GET"]}}],"collection":[{"href":"https:\/\/granadaopen.es\/index.php?rest_route=\/wp\/v2\/product"}],"about":[{"href":"https:\/\/granadaopen.es\/index.php?rest_route=\/wp\/v2\/types\/product"}],"replies":[{"embeddable":true,"href":"https:\/\/granadaopen.es\/index.php?rest_route=%2Fwp%2Fv2%2Fcomments&post=189"}],"wp:featuredmedia":[{"embeddable":true,"href":"https:\/\/granadaopen.es\/index.php?rest_route=\/wp\/v2\/media\/191"}],"wp:attachment":[{"href":"https:\/\/granadaopen.es\/index.php?rest_route=%2Fwp%2Fv2%2Fmedia&parent=189"}],"wp:term":[{"taxonomy":"product_brand","embeddable":true,"href":"https:\/\/granadaopen.es\/index.php?rest_route=%2Fwp%2Fv2%2Fproduct_brand&post=189"},{"taxonomy":"product_cat","embeddable":true,"href":"https:\/\/granadaopen.es\/index.php?rest_route=%2Fwp%2Fv2%2Fproduct_cat&post=189"},{"taxonomy":"product_tag","embeddable":true,"href":"https:\/\/granadaopen.es\/index.php?rest_route=%2Fwp%2Fv2%2Fproduct_tag&post=189"}],"curies":[{"name":"wp","href":"https:\/\/api.w.org\/{rel}","templated":true}]}}