{"id":164,"date":"2019-08-07T16:51:31","date_gmt":"2019-08-07T16:51:31","guid":{"rendered":"https:\/\/granadaopen.es\/?post_type=product&#038;p=164"},"modified":"2019-08-11T10:23:13","modified_gmt":"2019-08-11T10:23:13","slug":"bretana-francesa","status":"publish","type":"product","link":"https:\/\/granadaopen.es\/?product=bretana-francesa","title":{"rendered":"BRETA\u00d1A FRANCESA"},"content":{"rendered":"<p>&nbsp;<\/p>\n<div class=\"span12\">\n<h2>El precio incluye<\/h2>\n<h6>TRANSPORTE en AUTOB\u00daS HOMOLOGADO TODO el CIRCUITO<\/h6>\n<h6>ALOJAMIENTO 2 noches en Burdeos y 3 noches en Rennes en hoteles de 2 \u00f3 3 estrellas<\/h6>\n<h6>MEDIA PENSI\u00d3N (sin bebidas)<\/h6>\n<h6>GU\u00cdA ACOMPA\u00d1ANTE<\/h6>\n<h6>SEGURO DE VIAJE y ANULACI\u00d3N<\/h6>\n<\/div>\n<p>&nbsp;<\/p>\n<p>&nbsp;<\/p>\n<div class=\"span12\">\n<h2>El viaje<\/h2>\n<h4>D\u00eda 1: Ciudad de origen &#8211; Madrid &#8211; Burdeos<\/h4>\n<p>Salida a la hora indicada desde la terminal. Breves paradas en ruta. ALMUERZO por cuenta del cliente. Llegada al hotel. CENA Y ALOJAMIENTO.<\/p>\n<h4>D\u00eda 2: Nantes &#8211; Rennes<\/h4>\n<p>DESAYUNO. Excursi\u00f3n INCLUIDA a Nantes, capital hist\u00f3rica de los Duques de Breta\u00f1a e interesante ciudad de arte, gran centro industrial y ciudad universitaria. Destacan el Castillo de los Duques de Breta\u00f1a, t\u00edpico castillo medieval y la Catedral dedicada a San Pedro y San Pablo. Excursi\u00f3n INCLUIDA a la actual capital de Breta\u00f1a e importante centro art\u00edstico e hist\u00f3rico. En Rennes destaca su casco viejo, en el que se puede contemplar callejuelas enteras flanqueadas de casas del siglo XVI, con fachadas de entramado de madera. Otras atracciones arquitect\u00f3nicas son: la Catedral Saint Pierre de estilo barroco, y la capilla renacentista Saint Yves. Rennes tiene la particularidad de tener dos plazas mayores del siglo XVIII: la Plaza del Ayuntamiento, donde se encuentra tambi\u00e9n la Opera de Rennes y la Plaza del Parlamento de Breta\u00f1a, que marc\u00f3 profundamente la historia de la ciudad. Llegada al hotel. CENA Y ALOJAMIENTO.<\/p>\n<h4>D\u00eda 3: Carnac &#8211; Auray &#8211; Vannes<\/h4>\n<p>DESAYUNO. Excursi\u00f3n INCLUIDA a Carnac, mundialmente conocida por sus alineaciones megal\u00edticas que constituyen el monumento prehist\u00f3rico m\u00e1s extenso del mundo y la Iglesia de San Cornelio. Excursi\u00f3n INCLUIDA a Auray donde destaca una bonita cartuja que alberga a \u201dSainte Anne\u201d, patrona de los bretones. La parte antigua conserva el puerto medieval de Saint Goustan y un puente de piedra que cruza la riviere d\u00b4Auray. Por ultimo nos detendremos en Vannes, cuyo monumento m\u00e1s representativo es la Catedral de San Pedro, situada sobre la colina de Men\u00e9, dominando la ciudad amurallada. Clasificada como Monumento Hist\u00f3rico, alberga en su interior la tumba de San Vicente Ferrer. Regreso al hotel. CENA Y ALOJAMIENTO.<\/p>\n<h4>D\u00eda 4: Dinan &#8211; Saint Malo &#8211; Mont Saint Michel<\/h4>\n<p>DESAYUNO. Excursi\u00f3n INCLUIDA a Dinan, ciudad medieval cuyos principales atractivos son la arquitectura bretona y su muralla. Tiempo libre para disfrutar de la ciudad. Continuaremos nuestro recorrido hasta Saint Malo, conocida como la ciudad corsaria. Su antigua ciudadela cuenta con una muralla de m\u00e1s 2 kms de largo y en su interior hallaremos un recuerdo en cada rinc\u00f3n y donde podremos seguir las huellas dejadas por marineros y corsarios. Excursi\u00f3n INCLUIDA a Mont Saint Michel (entrada no incluida). Es una peque\u00f1a isla unida al continente por una carretera (en el pasado el camino existente era cubierto por las aguas cuando sub\u00eda la marea) donde se levanta una ciudadela medieval con una impresionante abad\u00eda de estilo rom\u00e1nico y g\u00f3tico, donde parece que se haya detenido el tiempo. Regreso al hotel. CENA Y ALOJAMIENTO.<\/p>\n<h4>D\u00eda 5: La Rochelle &#8211; Burdeos<\/h4>\n<p>DESAYUNO. Excursi\u00f3n INCLUIDA a La Rochelle donde destacamos el Viejo Puerto de La Rochelle construido por Leonor de Aquitania con su Torre de la Linterna desde donde tendr\u00e1 las mejores panor\u00e1micas de la ciudad, tambi\u00e9n llamar\u00e1 la atenci\u00f3n su Puerta del Reloj. Merece la pena pasear por las calles estrechas del centro hist\u00f3rico por sus soportales, y llegar al barrio de las mansiones y palacetes renacentistas. Excursi\u00f3n INCLUIDA a Burdeos donde se puede disfrutar del Puerto de la Luna, declarado por la Unesco Patrimonio de la Humanidad, en su casco viejo destacan la Torre Pey-Berland junto a la Catedral de San Andr\u00e9s y en la Place de la bourse podr\u00e1 disfrutar de \u00abEl Espejo de Agua\u00bb. Paseando por sus calles nos encontraremos con la casa donde vivi\u00f3 sus \u00faltimos d\u00edas el pintor Francisco de Goya. Llegada al hotel. CENA Y ALOJAMIENTO.<\/p>\n<h4>D\u00eda 6: Burdeos &#8211; Madrid &#8211; Ciudad de origen<\/h4>\n<p>DESAYUNO. Salida a primeras horas con direcci\u00f3n a la ciudad de origen. Breves paradas en ruta. ALMUERZO por cuenta del cliente. Llegada. FIN DEL VIAJE.<\/p>\n<\/div>\n<p>&nbsp;<\/p>\n<ul>\n<li>\n<h5><strong>Consultar precio en el tel\u00e9fono \/ whatsapp 617696362 GRANADAOPEN<\/strong><\/h5>\n<\/li>\n<\/ul>\n","protected":false},"excerpt":{"rendered":"<p>&nbsp; El precio incluye TRANSPORTE en AUTOB\u00daS HOMOLOGADO TODO el CIRCUITO ALOJAMIENTO 2 noches en Burdeos y 3 noches en Rennes en hoteles de 2 \u00f3 3 estrellas MEDIA PENSI\u00d3N (sin bebidas) GU\u00cdA ACOMPA\u00d1ANTE SEGURO DE VIAJE y ANULACI\u00d3N &nbsp; &nbsp; El viaje D\u00eda 1: Ciudad de origen &#8211; Madrid &#8211; Burdeos Salida a la&hellip; <br \/> <a class=\"read-more\" href=\"https:\/\/granadaopen.es\/?product=bretana-francesa\">Leer m\u00e1s<\/a><\/p>\n","protected":false},"featured_media":167,"comment_status":"open","ping_status":"closed","template":"","meta":[],"product_brand":[],"product_cat":[67],"product_tag":[24,62,17,29,19,27,23,52,32,33,25,61],"class_list":{"0":"post-164","1":"product","2":"type-product","3":"status-publish","4":"has-post-thumbnail","6":"product_cat-circuitos-internacionales","7":"product_tag-autobus","8":"product_tag-bretanafrancesa","9":"product_tag-circuitos","10":"product_tag-circuitosculturales","11":"product_tag-circuitosnacionales","12":"product_tag-cultura","13":"product_tag-guia","14":"product_tag-monumentos","15":"product_tag-pensioncompleta","16":"product_tag-salidadesdegranada","17":"product_tag-visitas","18":"product_tag-visitasguiadas","20":"first","21":"instock","22":"featured","23":"shipping-taxable","24":"product-type-simple"},"_links":{"self":[{"href":"https:\/\/granadaopen.es\/index.php?rest_route=\/wp\/v2\/product\/164","targetHints":{"allow":["GET"]}}],"collection":[{"href":"https:\/\/granadaopen.es\/index.php?rest_route=\/wp\/v2\/product"}],"about":[{"href":"https:\/\/granadaopen.es\/index.php?rest_route=\/wp\/v2\/types\/product"}],"replies":[{"embeddable":true,"href":"https:\/\/granadaopen.es\/index.php?rest_route=%2Fwp%2Fv2%2Fcomments&post=164"}],"wp:featuredmedia":[{"embeddable":true,"href":"https:\/\/granadaopen.es\/index.php?rest_route=\/wp\/v2\/media\/167"}],"wp:attachment":[{"href":"https:\/\/granadaopen.es\/index.php?rest_route=%2Fwp%2Fv2%2Fmedia&parent=164"}],"wp:term":[{"taxonomy":"product_brand","embeddable":true,"href":"https:\/\/granadaopen.es\/index.php?rest_route=%2Fwp%2Fv2%2Fproduct_brand&post=164"},{"taxonomy":"product_cat","embeddable":true,"href":"https:\/\/granadaopen.es\/index.php?rest_route=%2Fwp%2Fv2%2Fproduct_cat&post=164"},{"taxonomy":"product_tag","embeddable":true,"href":"https:\/\/granadaopen.es\/index.php?rest_route=%2Fwp%2Fv2%2Fproduct_tag&post=164"}],"curies":[{"name":"wp","href":"https:\/\/api.w.org\/{rel}","templated":true}]}}