{"id":146,"date":"2019-08-07T16:50:55","date_gmt":"2019-08-07T16:50:55","guid":{"rendered":"https:\/\/granadaopen.es\/?post_type=product&#038;p=146"},"modified":"2024-06-30T07:27:41","modified_gmt":"2024-06-30T07:27:41","slug":"francia-medieval-carcassonne-y-la-ruta-catara","status":"publish","type":"product","link":"https:\/\/granadaopen.es\/?product=francia-medieval-carcassonne-y-la-ruta-catara","title":{"rendered":"FRANCIA MEDIEVAL &#8211; CARCASSONNE Y LA RUTA C\u00c1TARA"},"content":{"rendered":"<p>&nbsp;<\/p>\n<div class=\"span12\">\n<h2>El precio incluye<\/h2>\n<h6>&#8211; TRANSPORTE en AUTOB\u00daS HOMOLOGADO TODO el CIRCUITO<\/h6>\n<h6>&#8211; ALOJAMIENTO 2 noches en HOTEL de 3 en Barcelona y 3 noches en hotel de 2 en Carcassonne<\/h6>\n<h6>&#8211; PENSI\u00d3N COMPLETA en el Hotel (sin bebidas) con CUATRO ALMUERZOS en RESTAURANTE<\/h6>\n<h6>&#8211; GU\u00cdA ACOMPA\u00d1ANTE<\/h6>\n<h6>&#8211; SEGURO DE VIAJE y ANULACI\u00d3N<\/h6>\n<\/div>\n<p>&nbsp;<\/p>\n<p>&nbsp;<\/p>\n<div class=\"span12\">\n<h2>El viaje<\/h2>\n<h4>D\u00eda 1: Ciudad de origen &#8211; Madrid &#8211; Barcelona<\/h4>\n<p>Salida a la hora indicada desde la terminal. Breves paradas en ruta. ALMUERZO por cuenta del cliente. Llegada al hotel. CENA Y ALOJAMIENTO.<\/p>\n<h4>D\u00eda 2: Minerva &#8211; Carcassonne<\/h4>\n<p>DESAYUNO. Excursi\u00f3n INCLUIDA a la ciudadela medieval de Minerva uno de los refugios principales para los c\u00e1taros gracias a sus asombrosas defensas naturales con sus gargantas, adem\u00e1s de 1.000 metros de murallas dobles bordeando barrancos impresionantes que guardan vestigios de la \u00e9poca medieval. ALMUERZO EN RESTAURANTE. Excursi\u00f3n INCLUIDA a la mayor ciudadela amurallada que se conserva en Europa. Cabe destacar la Ciudadela, donde disfrutando del trazado de sus calles medievales llegamos hasta sus monumentos m\u00e1s representativos, el Castillo y la Bas\u00edlica de Saint-Nazaire. CENA EN RESTAURANTE Y ALOJAMIENTO.<\/p>\n<h4>D\u00eda 3: Mirepoix &#8211; Foix &#8211; Toulouse<\/h4>\n<p>DESAYUNO. Excursi\u00f3n INCLUIDA a Mirepoix, que conserva una magnifica plaza central y diversas calles porticadas. Destaca la Catedral g\u00f3tica de Saint Maurice. Continuaci\u00f3n hacia Foix, sede de un condado protegido por su imponente castillo medieval que resisti\u00f3 varios ataques de Sim\u00f3n de Montfort durante las guerras contra el catarismo, m\u00e1s abajo en el casco antiguo disfrute de sus callejuelas comerciales y sus bellas plazas con terrazas de caf\u00e9s. ALMUERZO EN RESTAURANTE. Excursi\u00f3n INCLUIDA a Toulouse, la Villa Rosa, principal ciudad del mediod\u00eda franc\u00e9s. Destacan las vistas sobre el Garona desde el Pont Neuf, La Place du Capitole que alberga la sede del ayuntamiento y el Convento de los Jacobinos. Regreso al hotel. CENA EN RESTAURANTE Y ALOJAMIENTO.<\/p>\n<h4>D\u00eda 4: Cordes Sur Ciel &#8211; Gaillac &#8211; Albi<\/h4>\n<p>DESAYUNO. Excursi\u00f3n INCLUIDA a Cordes sur Ciel, fant\u00e1stica ciudadela medieval encaramada en lo alto de una colina, que nos transportar\u00e1 a otra \u00e9poca: Fue uno de los bastiones activos del catarismo por lo que sufri\u00f3 la represi\u00f3n brutal de la Inquisici\u00f3n. Se conservan multitud de edificaciones medievales como La Maison del Grand Veneur, la del Grand Ecuye o la del Grand Fauconnier. Parada en Gaillac, bonito pueblo cuya actividad se vuelca en la producci\u00f3n de vinos de gran calidad como los Ch\u00e2teau Maresque. ALMUERZO EN RESTAURANTE. Excursi\u00f3n INCLUIDA a Albi, fascinante ciudad de origen c\u00e1taro a orillas del r\u00edo Tarn. Disfrute de descubrir la Catedral de Santa Cecilia, el impresionante puente sobre el Tarn, uno de los m\u00e1s antiguos de Francia. Junto a la catedral se encuentra el Palacio de la Berbie, antiguo palacio episcopal y actual sede del Museo Toulouse-Lautrec. Regreso al hotel. CENA EN RESTAURANTE Y ALOJAMIENTO.<\/p>\n<h4>D\u00eda 5: Lagrasse &#8211; Narbonne<\/h4>\n<p>DESAYUNO. Excursi\u00f3n INCLUIDA a Lagrasse, maravilloso pueblo fortificado, en el que destaca su fant\u00e1stico conjunto medieval: murallas, callejones estrechos, La Tour de la Plaisance, del siglo XII, torre defensiva del antiguo amurallamiento, la Abad\u00eda de Sainte-Marie de Lagrasse, el Pont Vieux y la Iglesia de Saint-Michel. ALMUERZO EN RESTAURANTE. Excursi\u00f3n INCLUIDA a Narbonne. Tiempo libre para visitar esta ciudad que posee un importante legado de \u00e9poca romana. Continuaci\u00f3n a Barcelona. Llegada al hotel. CENA Y ALOJAMIENTO.<\/p>\n<h4>D\u00eda 6: Barcelona &#8211; Madrid &#8211; Ciudad de origen<\/h4>\n<p>DESAYUNO. Salida a primeras horas con direcci\u00f3n a la ciudad de origen. Breves paradas en ruta. ALMUERZO por cuenta del cliente. Llegada. FIN DEL VIAJE.<\/p>\n<\/div>\n<p>&nbsp;<\/p>\n<ul>\n<li>\n<h5><strong>Consultar precio en el tel\u00e9fono \/ whatsapp 617696362 GRANADAOPEN<\/strong><\/h5>\n<\/li>\n<\/ul>\n<p>&nbsp;<\/p>\n<p>&nbsp;<\/p>\n","protected":false},"excerpt":{"rendered":"<p>&nbsp; El precio incluye &#8211; TRANSPORTE en AUTOB\u00daS HOMOLOGADO TODO el CIRCUITO &#8211; ALOJAMIENTO 2 noches en HOTEL de 3 en Barcelona y 3 noches en hotel de 2 en Carcassonne &#8211; PENSI\u00d3N COMPLETA en el Hotel (sin bebidas) con CUATRO ALMUERZOS en RESTAURANTE &#8211; GU\u00cdA ACOMPA\u00d1ANTE &#8211; SEGURO DE VIAJE y ANULACI\u00d3N &nbsp; &nbsp;&hellip; <br \/> <a class=\"read-more\" href=\"https:\/\/granadaopen.es\/?product=francia-medieval-carcassonne-y-la-ruta-catara\">Leer m\u00e1s<\/a><\/p>\n","protected":false},"featured_media":148,"comment_status":"open","ping_status":"closed","template":"","meta":[],"product_brand":[],"product_cat":[67],"product_tag":[22,24,55,17,29,19,27,26,53,54,23,52,32,34,25],"class_list":{"0":"post-146","1":"product","2":"type-product","3":"status-publish","4":"has-post-thumbnail","6":"product_cat-circuitos-internacionales","7":"product_tag-6dias","8":"product_tag-autobus","9":"product_tag-carcassonne","10":"product_tag-circuitos","11":"product_tag-circuitosculturales","12":"product_tag-circuitosnacionales","13":"product_tag-cultura","14":"product_tag-excursiones","15":"product_tag-francia","16":"product_tag-franciamedieval","17":"product_tag-guia","18":"product_tag-monumentos","19":"product_tag-pensioncompleta","20":"product_tag-salidasdesdegranada","21":"product_tag-visitas","23":"first","24":"instock","25":"shipping-taxable","26":"product-type-simple"},"_links":{"self":[{"href":"https:\/\/granadaopen.es\/index.php?rest_route=\/wp\/v2\/product\/146","targetHints":{"allow":["GET"]}}],"collection":[{"href":"https:\/\/granadaopen.es\/index.php?rest_route=\/wp\/v2\/product"}],"about":[{"href":"https:\/\/granadaopen.es\/index.php?rest_route=\/wp\/v2\/types\/product"}],"replies":[{"embeddable":true,"href":"https:\/\/granadaopen.es\/index.php?rest_route=%2Fwp%2Fv2%2Fcomments&post=146"}],"wp:featuredmedia":[{"embeddable":true,"href":"https:\/\/granadaopen.es\/index.php?rest_route=\/wp\/v2\/media\/148"}],"wp:attachment":[{"href":"https:\/\/granadaopen.es\/index.php?rest_route=%2Fwp%2Fv2%2Fmedia&parent=146"}],"wp:term":[{"taxonomy":"product_brand","embeddable":true,"href":"https:\/\/granadaopen.es\/index.php?rest_route=%2Fwp%2Fv2%2Fproduct_brand&post=146"},{"taxonomy":"product_cat","embeddable":true,"href":"https:\/\/granadaopen.es\/index.php?rest_route=%2Fwp%2Fv2%2Fproduct_cat&post=146"},{"taxonomy":"product_tag","embeddable":true,"href":"https:\/\/granadaopen.es\/index.php?rest_route=%2Fwp%2Fv2%2Fproduct_tag&post=146"}],"curies":[{"name":"wp","href":"https:\/\/api.w.org\/{rel}","templated":true}]}}