{"id":754,"date":"2019-11-18T12:14:33","date_gmt":"2019-11-18T12:14:33","guid":{"rendered":"https:\/\/granadaopen.es\/?page_id=754"},"modified":"2019-11-18T12:19:41","modified_gmt":"2019-11-18T12:19:41","slug":"pais-vasco-y-cantabria","status":"publish","type":"page","link":"https:\/\/granadaopen.es\/?page_id=754","title":{"rendered":"PA\u00cdS VASCO Y CANTABRIA"},"content":{"rendered":"\t\t<div data-elementor-type=\"wp-post\" data-elementor-id=\"754\" class=\"elementor elementor-754\">\n\t\t\t\t\t\t<section class=\"elementor-section elementor-top-section elementor-element elementor-element-92c8964 elementor-section-boxed elementor-section-height-default elementor-section-height-default\" data-id=\"92c8964\" data-element_type=\"section\">\n\t\t\t\t\t\t<div class=\"elementor-container elementor-column-gap-default\">\n\t\t\t\t\t<div class=\"elementor-column elementor-col-100 elementor-top-column elementor-element elementor-element-3255241\" data-id=\"3255241\" data-element_type=\"column\">\n\t\t\t<div class=\"elementor-widget-wrap elementor-element-populated\">\n\t\t\t\t\t\t<div class=\"elementor-element elementor-element-54d77be elementor-widget elementor-widget-image\" data-id=\"54d77be\" data-element_type=\"widget\" data-widget_type=\"image.default\">\n\t\t\t\t<div class=\"elementor-widget-container\">\n\t\t\t\t\t\t\t\t\t\t\t\t\t\t\t<img fetchpriority=\"high\" decoding=\"async\" width=\"1024\" height=\"768\" src=\"https:\/\/granadaopen.es\/wp-content\/uploads\/2019\/11\/bilbaoo-1024x768.jpg\" class=\"attachment-large size-large wp-image-748\" alt=\"\" srcset=\"https:\/\/granadaopen.es\/wp-content\/uploads\/2019\/11\/bilbaoo.jpg 1024w, https:\/\/granadaopen.es\/wp-content\/uploads\/2019\/11\/bilbaoo-300x225.jpg 300w, https:\/\/granadaopen.es\/wp-content\/uploads\/2019\/11\/bilbaoo-768x576.jpg 768w, https:\/\/granadaopen.es\/wp-content\/uploads\/2019\/11\/bilbaoo-600x450.jpg 600w\" sizes=\"(max-width: 1024px) 100vw, 1024px\" \/>\t\t\t\t\t\t\t\t\t\t\t\t\t\t\t<\/div>\n\t\t\t\t<\/div>\n\t\t\t\t\t<\/div>\n\t\t<\/div>\n\t\t\t\t\t<\/div>\n\t\t<\/section>\n\t\t\t\t<section class=\"elementor-section elementor-top-section elementor-element elementor-element-8313356 elementor-section-boxed elementor-section-height-default elementor-section-height-default\" data-id=\"8313356\" data-element_type=\"section\">\n\t\t\t\t\t\t<div class=\"elementor-container elementor-column-gap-default\">\n\t\t\t\t\t<div class=\"elementor-column elementor-col-100 elementor-top-column elementor-element elementor-element-c400623\" data-id=\"c400623\" data-element_type=\"column\">\n\t\t\t<div class=\"elementor-widget-wrap elementor-element-populated\">\n\t\t\t\t\t\t<div class=\"elementor-element elementor-element-279d5ec elementor-widget elementor-widget-text-editor\" data-id=\"279d5ec\" data-element_type=\"widget\" data-widget_type=\"text-editor.default\">\n\t\t\t\t<div class=\"elementor-widget-container\">\n\t\t\t\t\t\t\t\t\t<div class=\"span12\"><h1>El precio incluye<\/h1><h6>TRANSPORTE en AUTOB\u00daS HOMOLOGADO TODO el CIRCUITO<\/h6><h6>ALOJAMIENTO en hoteles de 4 estrellas (5 noches en Cantabria)<\/h6><h6>PENSI\u00d3N COMPLETA (agua y vino) con DOS ALMUERZOS T\u00cdPICOS en RESTAURANTE<\/h6><h6>GU\u00cdA ACOMPA\u00d1ANTE + GU\u00cdA LOCAL en Bilbao y Santander<\/h6><h6>SEGURO DE VIAJE y ANULACI\u00d3N<\/h6><\/div><div class=\"span12\"><h1>El viaje<\/h1><h4>D\u00eda 1: CIUDAD DE ORIGEN &gt; MADRID &gt; CANTABRIA<\/h4><p>Salida a la hora indicada desde la terminal. Breves paradas en ruta. ALMUERZO por cuenta del cliente. Llegada al hotel. CENA Y ALOJAMIENTO.<\/p><h4>D\u00eda 2: SANTANDER &gt; SANTILLANA DEL MAR<\/h4><p>DESAYUNO. Excursi\u00f3n INCLUIDA con GU\u00cdA LOCAL a Santander, ciudad rica en zonas verdes con los Parques de La Marga y Morales, los jardines de Pereda, La Magdalena, etc. La ciudad engloba una serie de visitas muy recomendables como son la Catedral,la Plaza Porticada o el Gran Casino del Sardinero. Regreso al hotel. ALMUERZO. Excursi\u00f3n INCLUIDA a Santillana del Mar donde aconsejamos visitar la Colegiata Rom\u00e1nica, las Torres de los siglos XIV y XV, los Palacios y las Casonas de los siglos XVII y XVIII que forman parte del Patrimonio de la Humanidad declarado por la UNESCO.Regreso al hotel.CENA Y ALOJAMIENTO.<\/p><h4>D\u00eda 3: SAN SEBASTIAN &gt; GERNIKA &gt; BERMEO<\/h4><p>DESAYUNO. Excursi\u00f3n INCLUIDA a San Sebasti\u00e1n situada entre los montes Igueldo, Urgull y Ulloa, donde podremos admirar la hermosa bah\u00eda y playa de la Concha, destaca el paseo y el puerto, el casco antiguo con la Iglesia de San Vicente, la Catedral, etc. ALMUERZO T\u00cdPICO EN RESTAURANTE.Excursi\u00f3n INCLUIDA a Gernika, sede del Parlamento de Vizcaya con su Museo de la Alegr\u00eda, Casa de Juntas, Mosaico del famoso cuadro de Picasso, etc.A continuaci\u00f3n Bermeo,t\u00edpico pueblo marinero donde realizaremos una panor\u00e1mica en la que podemos ver la desembocadura del estuario de Mundaka, la isla de Izaro y la bell\u00edsima costa del cabo de Machichaco. Regreso al hotel. CENA Y ALOJAMIENTO.<\/p><h4>D\u00eda 4: BILBAO &gt; GETXO &gt; PORTUGALETE<\/h4><p>DESAYUNO. Excursi\u00f3n INCLUIDA con GU\u00cdA LOCAL a Bilbao. Capital de Vizcaya donde destaca su casco viejo com\u00fanmente conocido como \u00ablas 7 calles\u00bb, la zona m\u00e1s animada y pintoresca de la ciudad con sus estrechas calles llenas de bares que ofrecen sus famosos \u00abPintxos\u00bb y cocina vasca. Destacamos la Catedral de Santiago o la Plaza Nueva. Entre Casco Viejo y Ensanche destacamos el Teatro Arriaga. Tiempo libre para visitar el nuevo Bilbao donde destacan obras de los arquitectos m\u00e1s famosos: el Museo Guggenheim, el Metro de Norman Foster, la Alh\u00f3ndiga de Philippe Starck, etc. ALMUERZO T\u00cdPICO EN RESTAURANTE. Excursi\u00f3n INCLUIDA a Getxo para disfrutar de sus espectaculares casas se\u00f1oriales y su bonito puerto deportivo. Continuaci\u00f3n a Portugalete para visitar el Puente Colgante (entrada no incluida) que es el puente transbordador en servicio m\u00e1s antiguo del mundo (Patrimonio de la Humanidad de la UNESCO). Regreso al hotel.CENA Y ALOJAMIENTO.<\/p><h4>D\u00eda 5: COMILLAS &gt; BARCENA LA MAYOR<\/h4><p>DESAYUNO. Excursi\u00f3n INCLUIDA al pueblo de Comillas, magnifica villa santanderina cuyo casco hist\u00f3rico ha sido designado Conjunto Hist\u00f3rico Art\u00edstico donde destaca la Universidad Pontificia y el Capricho de Gaud\u00ed. Regreso al hotel. ALMUERZO. Excursi\u00f3n INCLUIDA al pueblo m\u00e1s antiguo de Cantabria, B\u00e1rcena la Mayor, situado en la Reserva del Saja. Su asombroso estado de conservaci\u00f3n lo convirti\u00f3 en Conjunto Hist\u00f3rico Art\u00edstico por la UNESCO.Regreso al hotel.CENA Y ALOJAMIENTO.<\/p><h4>D\u00eda 6: CANTABRIA &gt; MADRID &gt; CIUDAD DE ORIGEN<\/h4><p>DESAYUNO. Salida a primeras horas con direcci\u00f3n a la ciudad de origen. Breves paradas en ruta. ALMUERZO por cuenta del cliente. Llegada. FIN DEL VIAJE.<\/p><\/div><p>\u00a0<\/p><h5><strong>Consultar precio en el tel\u00e9fono \/ whatsapp 617696362 GRANADAOPEN<\/strong><\/h5>\t\t\t\t\t\t\t\t<\/div>\n\t\t\t\t<\/div>\n\t\t\t\t\t<\/div>\n\t\t<\/div>\n\t\t\t\t\t<\/div>\n\t\t<\/section>\n\t\t\t\t<\/div>\n\t\t","protected":false},"excerpt":{"rendered":"<p>El precio incluye TRANSPORTE en AUTOB\u00daS HOMOLOGADO TODO el CIRCUITO ALOJAMIENTO en hoteles de 4 estrellas (5 noches en Cantabria) PENSI\u00d3N COMPLETA (agua y vino) con DOS ALMUERZOS T\u00cdPICOS en RESTAURANTE GU\u00cdA ACOMPA\u00d1ANTE + GU\u00cdA LOCAL en Bilbao y Santander SEGURO DE VIAJE y ANULACI\u00d3N El viaje D\u00eda 1: CIUDAD DE ORIGEN &gt; MADRID &gt;&hellip; <br \/> <a class=\"read-more\" href=\"https:\/\/granadaopen.es\/?page_id=754\">Leer m\u00e1s<\/a><\/p>\n","protected":false},"author":2,"featured_media":0,"parent":0,"menu_order":0,"comment_status":"closed","ping_status":"closed","template":"","meta":{"footnotes":""},"class_list":["post-754","page","type-page","status-publish","hentry"],"_links":{"self":[{"href":"https:\/\/granadaopen.es\/index.php?rest_route=\/wp\/v2\/pages\/754","targetHints":{"allow":["GET"]}}],"collection":[{"href":"https:\/\/granadaopen.es\/index.php?rest_route=\/wp\/v2\/pages"}],"about":[{"href":"https:\/\/granadaopen.es\/index.php?rest_route=\/wp\/v2\/types\/page"}],"author":[{"embeddable":true,"href":"https:\/\/granadaopen.es\/index.php?rest_route=\/wp\/v2\/users\/2"}],"replies":[{"embeddable":true,"href":"https:\/\/granadaopen.es\/index.php?rest_route=%2Fwp%2Fv2%2Fcomments&post=754"}],"version-history":[{"count":2,"href":"https:\/\/granadaopen.es\/index.php?rest_route=\/wp\/v2\/pages\/754\/revisions"}],"predecessor-version":[{"id":758,"href":"https:\/\/granadaopen.es\/index.php?rest_route=\/wp\/v2\/pages\/754\/revisions\/758"}],"wp:attachment":[{"href":"https:\/\/granadaopen.es\/index.php?rest_route=%2Fwp%2Fv2%2Fmedia&parent=754"}],"curies":[{"name":"wp","href":"https:\/\/api.w.org\/{rel}","templated":true}]}}