{"id":687,"date":"2019-10-30T19:32:25","date_gmt":"2019-10-30T19:32:25","guid":{"rendered":"https:\/\/granadaopen.es\/?page_id=687"},"modified":"2019-10-30T19:33:13","modified_gmt":"2019-10-30T19:33:13","slug":"cerdena","status":"publish","type":"page","link":"https:\/\/granadaopen.es\/?page_id=687","title":{"rendered":"CERDE\u00d1A"},"content":{"rendered":"\t\t<div data-elementor-type=\"wp-post\" data-elementor-id=\"687\" class=\"elementor elementor-687\">\n\t\t\t\t\t\t<section class=\"elementor-section elementor-top-section elementor-element elementor-element-1270aff elementor-section-boxed elementor-section-height-default elementor-section-height-default\" data-id=\"1270aff\" data-element_type=\"section\">\n\t\t\t\t\t\t<div class=\"elementor-container elementor-column-gap-default\">\n\t\t\t\t\t<div class=\"elementor-column elementor-col-100 elementor-top-column elementor-element elementor-element-508f385\" data-id=\"508f385\" data-element_type=\"column\">\n\t\t\t<div class=\"elementor-widget-wrap elementor-element-populated\">\n\t\t\t\t\t\t<div class=\"elementor-element elementor-element-c26e8f0 elementor-widget elementor-widget-image\" data-id=\"c26e8f0\" data-element_type=\"widget\" data-widget_type=\"image.default\">\n\t\t\t\t<div class=\"elementor-widget-container\">\n\t\t\t\t\t\t\t\t\t\t\t\t\t\t\t<img fetchpriority=\"high\" decoding=\"async\" width=\"940\" height=\"625\" src=\"https:\/\/granadaopen.es\/wp-content\/uploads\/2019\/10\/cerde\u00f1a.jpg\" class=\"attachment-large size-large wp-image-686\" alt=\"\" srcset=\"https:\/\/granadaopen.es\/wp-content\/uploads\/2019\/10\/cerde\u00f1a.jpg 940w, https:\/\/granadaopen.es\/wp-content\/uploads\/2019\/10\/cerde\u00f1a-300x199.jpg 300w, https:\/\/granadaopen.es\/wp-content\/uploads\/2019\/10\/cerde\u00f1a-768x511.jpg 768w, https:\/\/granadaopen.es\/wp-content\/uploads\/2019\/10\/cerde\u00f1a-600x399.jpg 600w\" sizes=\"(max-width: 940px) 100vw, 940px\" \/>\t\t\t\t\t\t\t\t\t\t\t\t\t\t\t<\/div>\n\t\t\t\t<\/div>\n\t\t\t\t\t<\/div>\n\t\t<\/div>\n\t\t\t\t\t<\/div>\n\t\t<\/section>\n\t\t\t\t<section class=\"elementor-section elementor-top-section elementor-element elementor-element-9472bf7 elementor-section-boxed elementor-section-height-default elementor-section-height-default\" data-id=\"9472bf7\" data-element_type=\"section\">\n\t\t\t\t\t\t<div class=\"elementor-container elementor-column-gap-default\">\n\t\t\t\t\t<div class=\"elementor-column elementor-col-100 elementor-top-column elementor-element elementor-element-22cb9c2\" data-id=\"22cb9c2\" data-element_type=\"column\">\n\t\t\t<div class=\"elementor-widget-wrap elementor-element-populated\">\n\t\t\t\t\t\t<div class=\"elementor-element elementor-element-d55564c elementor-widget elementor-widget-text-editor\" data-id=\"d55564c\" data-element_type=\"widget\" data-widget_type=\"text-editor.default\">\n\t\t\t\t<div class=\"elementor-widget-container\">\n\t\t\t\t\t\t\t\t\t<div id=\"AIC\"><div id=\"myCarousel\" class=\"carousel slide mootools-noconflict\" data-ride=\"carousel\" data-interval=\"false\"><div class=\"carousel-inner\"><div class=\"item active\"><div class=\"container\"><div class=\"carousel-caption\"><div class=\"span12\"><h1>El precio incluye<\/h1><h6>TRANSPORTE en AUTOB\u00daS HOMOLOGADO TODO el CIRCUITO<\/h6><h6>FERRY a CERDE\u00d1A. Butaca nocturno a la ida y pasaje b\u00e1sico diurno de regreso<\/h6><h6>ALOJAMIENTO en HOTEL de 3 \u00f3 4 (4 noches en Cerde\u00f1a)<\/h6><h6>PENSI\u00d3N COMPLETA en el Hotel (sin bebidas)<\/h6><h6>GU\u00cdA ACOMPA\u00d1ANTE<\/h6><h6>SEGURO DE VIAJE y ANULACI\u00d3N<\/h6><\/div><div class=\"span12\"><h1>El viaje<\/h1><h4>D\u00eda 1: Madrid &#8211; Valencia &#8211; Barcelona &#8211; Cerde\u00f1a<\/h4><p>Salida a la hora indicada desde la terminal de Madrid con direcci\u00f3n a Barcelona (v\u00eda Valencia). Breves paradas en ruta. ALMUERZO por cuenta del cliente. Llegada al puerto de Barcelona. Tr\u00e1mites de aduana para embarcar en el ferry hacia las 20:00 horas. Asignaci\u00f3n de butacas reservadas o camarotes. ALOJAMIENTO.<\/p><h4>D\u00eda 2: Porto Torres &#8211; Castelsardo<\/h4><p>Llegada a Porto Torres aproximadamente sobre las 10.30 horas. Tr\u00e1mites fronterizos. Panor\u00e1mica por Porto Torres en direcci\u00f3n al hotel donde veremos el puente romano, la zona arqueol\u00f3gica, la torre aragonesa, el paseo mar\u00edtimo y las ermitas. Llegada al hotel. Tiempo libre. ALMUERZO. Excursi\u00f3n INCLUIDA a Castelsardo, antigua ciudadela medieval que domina las costas del golfo de Asinara y que es reconocida por su artesan\u00eda t\u00edpica. Tambi\u00e9n destaca el Castillo de los Doria. Regreso al hotel. CENA Y ALOJAMIENTO.<\/p><h4>D\u00eda 3: Tempio &#8211; Capocaccia &#8211; Stintino<\/h4><p>DESAYUNO. Excursi\u00f3n INCLUIDA a Tempio, capital de la regi\u00f3n de Gallura atravesando el maravilloso Valle de la Luna o Piana dei Grandi Sassi (llanura de las Grandes Rocas), para descubrir la parte de la isla m\u00e1s aut\u00e9ntica. Regreso al hotel. ALMUERZO. Excursi\u00f3n INCLUIDA panor\u00e1mica del Parque Natural de Porto Conte\/Capocaccia para disfrutar de las incre\u00edbles vistas desde el faro. Continuaci\u00f3n a Stintino para efectuar una panor\u00e1mica de este famoso pueblo pesquero y donde se encuentra posiblemente la mejor playa de la isla, \u201dLa Pelosa\u201d. Regreso al hotel. CENA Y ALOJAMIENTO.<\/p><h4>D\u00eda 4: Torralba &#8211; Saccargia &#8211; Bosa &#8211; Alghero<\/h4><p>DESAYUNO. Excursi\u00f3n INCLUIDA a Torralba para visitar el \u201dNuraghe de Santu Antine\u201d, una de las m\u00e1s importantes fortalezas de Cerde\u00f1a, cuya construcci\u00f3n se remonta al I milenio A.C. y que a su alrededor hab\u00eda un pueblo nur\u00e1gico. Continuaci\u00f3n a Saccargia para admirar su famosa bas\u00edlica con su mole blanco y negro. Regreso al hotel. ALMUERZO. Excursi\u00f3n INCLUIDA a Bosa, donde podemos ver la esencia de la isla. Su peque\u00f1a poblaci\u00f3n no encaja con la importancia que tuvo este n\u00facleo, y el encanto que nos transmite. A continuaci\u00f3n a Alghero, preciosa ciudad marinera de origen Catal\u00e1n. Alghero es la ciudad m\u00e1s interesante de la Cerde\u00f1a occidental. El dominio catal\u00e1n-aragon\u00e9s que se extendi\u00f3 del 1354 hasta los \u00faltimos a\u00f1os del siglo XV ha dejado muchas evidencias de su glorioso pasado. Maravillosas son la catedral g\u00f3tico-catalana y el barrio medieval. Regreso al hotel. CENA Y ALOJAMIENTO.<\/p><h4>D\u00eda 5: Porto Torres &#8211; Sassari &#8211; Rio Coghina &#8211; Ermita San Pietro Di Mare<\/h4><p>DESAYUNO. Excursi\u00f3n INCLUIDA a Porto Torres donde se recomienda admirar la Bas\u00edlica de San Gavino que tiene la peculiaridad de tener el mismo mapa de las antiguas bas\u00edlicas de la \u00e9poca romana. Continuaci\u00f3n a Sassari, capital de provincia, conocida por su antigua Fontana di Rosello, Catedral, iglesias, palacios o singulares plazas. Regreso al hotel. ALMUERZO. Excursi\u00f3n INCLUIDA al entorno natural de R\u00edo Coghina donde disfrutaremos de unas preciosas vistas as\u00ed como de la singular Ermita de San Pietro di Mare. Regreso al hotel. CENA Y ALOJAMIENTO.<\/p><h4>D\u00eda 6: Porto Tores &#8211; Barcelona &#8211; Valencia &#8211; Madrid<\/h4><p>Traslado a primeras horas al puerto de Porto Torres. Tr\u00e1mites de aduana para embarcar en el ferry hacia las 05:30 horas. Llegada a Barcelona sobre las 18:45 horas. Tr\u00e1mites fronterizos y salida con direcci\u00f3n a la ciudad de origen. Breves paradas en ruta. ALMUERZO por cuenta del cliente. Llegada. FIN DEL VIAJE.<\/p><\/div><\/div><\/div><\/div><\/div><\/div><\/div><div class=\"bt-social-share bt-social-share-below\">\u00a0<\/div><div><div id=\"AIC\"><div id=\"myCarousel\" class=\"carousel slide mootools-noconflict\" data-ride=\"carousel\" data-interval=\"false\"><div class=\"carousel-inner\"><div class=\"item active\"><div class=\"container\"><div class=\"carousel-caption\"><div class=\"span12\">\u00a0<\/div><div class=\"span12\"><h5><strong>Consultar precio en el tel\u00e9fono \/ whatsapp 617696362 GRANADAOPEN<\/strong><\/h5><\/div><\/div><\/div><\/div><\/div><\/div><\/div><\/div>\t\t\t\t\t\t\t\t<\/div>\n\t\t\t\t<\/div>\n\t\t\t\t\t<\/div>\n\t\t<\/div>\n\t\t\t\t\t<\/div>\n\t\t<\/section>\n\t\t\t\t<\/div>\n\t\t","protected":false},"excerpt":{"rendered":"<p>El precio incluye TRANSPORTE en AUTOB\u00daS HOMOLOGADO TODO el CIRCUITO FERRY a CERDE\u00d1A. Butaca nocturno a la ida y pasaje b\u00e1sico diurno de regreso ALOJAMIENTO en HOTEL de 3 \u00f3 4 (4 noches en Cerde\u00f1a) PENSI\u00d3N COMPLETA en el Hotel (sin bebidas) GU\u00cdA ACOMPA\u00d1ANTE SEGURO DE VIAJE y ANULACI\u00d3N El viaje D\u00eda 1: Madrid &#8211;&hellip; <br \/> <a class=\"read-more\" href=\"https:\/\/granadaopen.es\/?page_id=687\">Leer m\u00e1s<\/a><\/p>\n","protected":false},"author":2,"featured_media":0,"parent":0,"menu_order":0,"comment_status":"closed","ping_status":"closed","template":"","meta":{"footnotes":""},"class_list":["post-687","page","type-page","status-publish","hentry"],"_links":{"self":[{"href":"https:\/\/granadaopen.es\/index.php?rest_route=\/wp\/v2\/pages\/687","targetHints":{"allow":["GET"]}}],"collection":[{"href":"https:\/\/granadaopen.es\/index.php?rest_route=\/wp\/v2\/pages"}],"about":[{"href":"https:\/\/granadaopen.es\/index.php?rest_route=\/wp\/v2\/types\/page"}],"author":[{"embeddable":true,"href":"https:\/\/granadaopen.es\/index.php?rest_route=\/wp\/v2\/users\/2"}],"replies":[{"embeddable":true,"href":"https:\/\/granadaopen.es\/index.php?rest_route=%2Fwp%2Fv2%2Fcomments&post=687"}],"version-history":[{"count":2,"href":"https:\/\/granadaopen.es\/index.php?rest_route=\/wp\/v2\/pages\/687\/revisions"}],"predecessor-version":[{"id":691,"href":"https:\/\/granadaopen.es\/index.php?rest_route=\/wp\/v2\/pages\/687\/revisions\/691"}],"wp:attachment":[{"href":"https:\/\/granadaopen.es\/index.php?rest_route=%2Fwp%2Fv2%2Fmedia&parent=687"}],"curies":[{"name":"wp","href":"https:\/\/api.w.org\/{rel}","templated":true}]}}