{"id":625,"date":"2019-10-30T11:49:46","date_gmt":"2019-10-30T11:49:46","guid":{"rendered":"https:\/\/granadaopen.es\/?page_id=625"},"modified":"2019-10-30T11:51:28","modified_gmt":"2019-10-30T11:51:28","slug":"leon-zamora-y-el-bierzo","status":"publish","type":"page","link":"https:\/\/granadaopen.es\/?page_id=625","title":{"rendered":"LE\u00d3N, ZAMORA Y EL BIERZO"},"content":{"rendered":"\t\t<div data-elementor-type=\"wp-post\" data-elementor-id=\"625\" class=\"elementor elementor-625\">\n\t\t\t\t\t\t<section class=\"elementor-section elementor-top-section elementor-element elementor-element-2cc9738 elementor-section-boxed elementor-section-height-default elementor-section-height-default\" data-id=\"2cc9738\" data-element_type=\"section\">\n\t\t\t\t\t\t<div class=\"elementor-container elementor-column-gap-default\">\n\t\t\t\t\t<div class=\"elementor-column elementor-col-100 elementor-top-column elementor-element elementor-element-fdf0988\" data-id=\"fdf0988\" data-element_type=\"column\">\n\t\t\t<div class=\"elementor-widget-wrap elementor-element-populated\">\n\t\t\t\t\t\t<div class=\"elementor-element elementor-element-8cec72b elementor-widget elementor-widget-image\" data-id=\"8cec72b\" data-element_type=\"widget\" data-widget_type=\"image.default\">\n\t\t\t\t<div class=\"elementor-widget-container\">\n\t\t\t\t\t\t\t\t\t\t\t\t\t\t\t<img fetchpriority=\"high\" decoding=\"async\" width=\"643\" height=\"362\" src=\"https:\/\/granadaopen.es\/wp-content\/uploads\/2019\/10\/LEON.jpg\" class=\"attachment-large size-large wp-image-628\" alt=\"\" srcset=\"https:\/\/granadaopen.es\/wp-content\/uploads\/2019\/10\/LEON.jpg 643w, https:\/\/granadaopen.es\/wp-content\/uploads\/2019\/10\/LEON-300x169.jpg 300w, https:\/\/granadaopen.es\/wp-content\/uploads\/2019\/10\/LEON-600x338.jpg 600w\" sizes=\"(max-width: 643px) 100vw, 643px\" \/>\t\t\t\t\t\t\t\t\t\t\t\t\t\t\t<\/div>\n\t\t\t\t<\/div>\n\t\t\t\t\t<\/div>\n\t\t<\/div>\n\t\t\t\t\t<\/div>\n\t\t<\/section>\n\t\t\t\t<section class=\"elementor-section elementor-top-section elementor-element elementor-element-c3d1bea elementor-section-boxed elementor-section-height-default elementor-section-height-default\" data-id=\"c3d1bea\" data-element_type=\"section\">\n\t\t\t\t\t\t<div class=\"elementor-container elementor-column-gap-default\">\n\t\t\t\t\t<div class=\"elementor-column elementor-col-100 elementor-top-column elementor-element elementor-element-7cbb2bc\" data-id=\"7cbb2bc\" data-element_type=\"column\">\n\t\t\t<div class=\"elementor-widget-wrap elementor-element-populated\">\n\t\t\t\t\t\t<div class=\"elementor-element elementor-element-a018f23 elementor-widget elementor-widget-text-editor\" data-id=\"a018f23\" data-element_type=\"widget\" data-widget_type=\"text-editor.default\">\n\t\t\t\t<div class=\"elementor-widget-container\">\n\t\t\t\t\t\t\t\t\t<div class=\"span12\"><h2>El precio incluye<\/h2><h6>TRANSPORTE en AUTOB\u00daS HOMOLOGADO TODO el CIRCUITODESDE GRANADA<\/h6><h6>ALOJAMIENTO en hoteles de 2\/3 estrellas (5 noches en Castilla Le\u00f3n)<\/h6><h6>PENSI\u00d3N COMPLETA (agua y vino) con DOS ALMUERZOS en RESTAURANTE<\/h6><h6>GU\u00cdA ACOMPA\u00d1ANTE + GU\u00cdA LOCAL en Le\u00f3n<\/h6><h6>SEGURO DE VIAJE y ANULACI\u00d3N<\/h6><p>\u00a0<\/p><\/div><div class=\"span12\"><h2>El viaje<\/h2><h4>D\u00eda 1: Ciudad de origen &#8211; Madrid &#8211; Le\u00f3n<\/h4><p>Salida a la hora indicada desde la terminal. Breves paradas en ruta. ALMUERZO por cuenta del cliente. Llegada al hotel. CENA Y ALOJAMIENTO.<\/p><h4>D\u00eda 2: Las Medulas &#8211; Astorga<\/h4><p>DESAYUNO. Excursi\u00f3n INCLUIDA a Las Medulas (entrada no incluida), la belleza de este lugar son peque\u00f1as colinas rojizas llenas de verde de la vegetaci\u00f3n con incre\u00edbles juegos de luz, formadas tras el corrimiento de tierras que hicieron los romanos para extraer el oro. Regreso al hotel. ALMUERZO. Excursi\u00f3n INCLUIDA a Astorga, capital de la Comarca de la Maragater\u00eda. La ciudad nos ofrece un rico legado medieval, fruto de su ubicaci\u00f3n en un cruce de caminos: El Camino de Santiago y la ruta V\u00eda de la Plata. Su recinto amurallado conserva iglesias, conventos y hospitales que trasladan al turista a la m\u00e1s pura tradici\u00f3n jacobea. Destaca su Plaza Mayor con su Ayuntamiento, tambi\u00e9n sobresale en su trazado urbano una obra cumbre del arquitecto modernista Antonio Gaud\u00ed, el Palacio Episcopal que junto a la Catedral de Astorga son los edificios m\u00e1s reconocidos de la ciudad. Regreso al hotel. CENA Y ALOJAMIENTO.<\/p><h4>D\u00eda 3: Zamora &#8211; Crucero por los Arribes del Duero<\/h4><p>DESAYUNO. Excursi\u00f3n INCLUIDA a Zamora, ciudad que conserva en su casco antiguo un importante legado de arte rom\u00e1nico, lo que le ha valido la declaraci\u00f3n de Conjunto Hist\u00f3rico-Art\u00edstico. Enclavada a orillas del R\u00edo Duero y en plena Ruta V\u00eda de la Plata, su importancia medieval ha dejado huella en murallas, palacios y templos. Destacando su Plaza Mayor con su Ayuntamiento \u201dViejo\u201d y \u201dNuevo\u201d, la Catedral y el Palacio de los Momos que actualmente alberga la Audiencia Provincial. ALMUERZO EN RESTAURANTE. Excursi\u00f3n INCLUIDA al Parque Natural de los Arribes del Duero: mediante un crucero en una embarcaci\u00f3n acondicionada especialmente para navegar por este entorno, y a trav\u00e9s de acantilados de m\u00e1s de 200 metros de altura y por aguas internacionales, disfrutaremos de uno de los parajes m\u00e1s bellos y menos conocidos de nuestra geograf\u00eda peninsular (entrada Crucero no incluida). Durante el recorrido, un gu\u00eda explicar\u00e1 los aspectos m\u00e1s relevantes del Parque Natural. Regreso al hotel. CENA Y ALOJAMIENTO.<\/p><h4>D\u00eda 4: Benavente &#8211; Ponferrada<\/h4><p>DESAYUNO. Excursi\u00f3n INCLUIDA a Benavente, ciudad Astur Brigeciense donde naci\u00f3 el gran escultor contempor\u00e1neo Coomonte. Destaca el Hospital de la Piedad, la Plaza del Grano, la Iglesia de San Juan del Mercado, Plaza Mayor. Finalizaremos el recorrido con las vistas desde el Mirador de la Mota y los exteriores de la fortaleza de Benavente, de la cual se conserva el Torre\u00f3n del Caracol, hoy convertido en su famoso Parador. Regreso al hotel. ALMUERZO. Excursi\u00f3n INCLUIDA a Ponferrada. El monumento m\u00e1s importante de Ponferrada es su Castillo Templario con m\u00e1s de 8.000 m2 de superficie, es uno de los m\u00e1s importantes de todo el estado. Junto al Castillo se inician las callejuelas que os llevar\u00e1n al casco hist\u00f3rico de Ponferrada con la Iglesia de San Andr\u00e9s y la Torre del Reloj. Regreso al hotel. CENA Y ALOJAMIENTO.<\/p><h4>D\u00eda 5: Comarca de la Maragater\u00eda &#8211; Cuevas de Valporquero &#8211; Astorga<\/h4><p>DESAYUNO. Excursi\u00f3n INCLUIDA a las famosas formaciones k\u00e1rsticas de las Cuevas de Valporquero (entrada no incluida) con recorrido guiado de una hora y media por sus siete salas y galer\u00edas permiti\u00e9ndonos admirar la gran obra de arte que la naturaleza ha ido modelando durante m\u00e1s de un mill\u00f3n de a\u00f1os. Estalactitas, estalagmitas, coladas y columnas de diferentes brillos y colores suceden a lo largo de las siete salas. ALMUERZO T\u00cdPICO EN RESTAURANTE. Excursi\u00f3n INCLUIDA con GU\u00cdA LOCAL a Le\u00f3n. La capital leonesa, importante n\u00facleo hist\u00f3rico y punto crucial en la ruta jacobea forma junto a Burgos y Santiago una trinidad que justifica sobradamente el viaje por el Camino Franc\u00e9s. Comenzando por el Barrio H\u00famedo visitaremos la Plaza de San Mart\u00edn tambi\u00e9n conocida como Plaza de las Tiendas nos dirigiremos hacia la Plaza de la Regla para ver la Catedral g\u00f3tica con sus vidrieras y su magn\u00edfico retablo. Continuaremos por la calle Ancha donde podremos ver El Palacio de los Guzmanes, junto a este se encuentra la Casa de los Botines, singular edificio neog\u00f3tico dise\u00f1ado por Gaud\u00ed que a d\u00eda de hoy es la sede central de Caja Espa\u00f1a. Avanzamos hasta la Plaza de Santo Domingo y nos adentramos en la parte m\u00e1s nueva y moderna donde veremos la Real Colegiata de San Isidro. Regreso al hotel. CENA Y ALOJAMIENTO.<\/p><h4>D\u00eda 6: Le\u00f3n &#8211; Madrid &#8211; Ciudad de origen<\/h4><p>DESAYUNO. Salida a primeras horas con direcci\u00f3n a la ciudad de origen. Breves paradas en ruta. ALMUERZO por cuenta del cliente. Llegada. FIN DEL VIAJE.<\/p><\/div><p>\u00a0<\/p><h5><strong>Consultar precio en el tel\u00e9fono \/ whatsapp 617696362 GRANADAOPEN<\/strong><\/h5>\t\t\t\t\t\t\t\t<\/div>\n\t\t\t\t<\/div>\n\t\t\t\t\t<\/div>\n\t\t<\/div>\n\t\t\t\t\t<\/div>\n\t\t<\/section>\n\t\t\t\t<\/div>\n\t\t","protected":false},"excerpt":{"rendered":"<p>El precio incluye TRANSPORTE en AUTOB\u00daS HOMOLOGADO TODO el CIRCUITODESDE GRANADA ALOJAMIENTO en hoteles de 2\/3 estrellas (5 noches en Castilla Le\u00f3n) PENSI\u00d3N COMPLETA (agua y vino) con DOS ALMUERZOS en RESTAURANTE GU\u00cdA ACOMPA\u00d1ANTE + GU\u00cdA LOCAL en Le\u00f3n SEGURO DE VIAJE y ANULACI\u00d3N \u00a0 El viaje D\u00eda 1: Ciudad de origen &#8211; Madrid &#8211;&hellip; <br \/> <a class=\"read-more\" href=\"https:\/\/granadaopen.es\/?page_id=625\">Leer m\u00e1s<\/a><\/p>\n","protected":false},"author":2,"featured_media":0,"parent":0,"menu_order":0,"comment_status":"closed","ping_status":"closed","template":"","meta":{"footnotes":""},"class_list":["post-625","page","type-page","status-publish","hentry"],"_links":{"self":[{"href":"https:\/\/granadaopen.es\/index.php?rest_route=\/wp\/v2\/pages\/625","targetHints":{"allow":["GET"]}}],"collection":[{"href":"https:\/\/granadaopen.es\/index.php?rest_route=\/wp\/v2\/pages"}],"about":[{"href":"https:\/\/granadaopen.es\/index.php?rest_route=\/wp\/v2\/types\/page"}],"author":[{"embeddable":true,"href":"https:\/\/granadaopen.es\/index.php?rest_route=\/wp\/v2\/users\/2"}],"replies":[{"embeddable":true,"href":"https:\/\/granadaopen.es\/index.php?rest_route=%2Fwp%2Fv2%2Fcomments&post=625"}],"version-history":[{"count":3,"href":"https:\/\/granadaopen.es\/index.php?rest_route=\/wp\/v2\/pages\/625\/revisions"}],"predecessor-version":[{"id":631,"href":"https:\/\/granadaopen.es\/index.php?rest_route=\/wp\/v2\/pages\/625\/revisions\/631"}],"wp:attachment":[{"href":"https:\/\/granadaopen.es\/index.php?rest_route=%2Fwp%2Fv2%2Fmedia&parent=625"}],"curies":[{"name":"wp","href":"https:\/\/api.w.org\/{rel}","templated":true}]}}