{"id":591,"date":"2019-10-30T10:38:39","date_gmt":"2019-10-30T10:38:39","guid":{"rendered":"https:\/\/granadaopen.es\/?page_id=591"},"modified":"2019-10-30T10:41:27","modified_gmt":"2019-10-30T10:41:27","slug":"alentejo-de-portugal","status":"publish","type":"page","link":"https:\/\/granadaopen.es\/?page_id=591","title":{"rendered":"ALENTEJO DE PORTUGAL"},"content":{"rendered":"\t\t<div data-elementor-type=\"wp-post\" data-elementor-id=\"591\" class=\"elementor elementor-591\">\n\t\t\t\t\t\t<section class=\"elementor-section elementor-top-section elementor-element elementor-element-0be6816 elementor-section-boxed elementor-section-height-default elementor-section-height-default\" data-id=\"0be6816\" data-element_type=\"section\">\n\t\t\t\t\t\t<div class=\"elementor-container elementor-column-gap-default\">\n\t\t\t\t\t<div class=\"elementor-column elementor-col-100 elementor-top-column elementor-element elementor-element-82aa72f\" data-id=\"82aa72f\" data-element_type=\"column\">\n\t\t\t<div class=\"elementor-widget-wrap elementor-element-populated\">\n\t\t\t\t\t\t<div class=\"elementor-element elementor-element-b433247 elementor-widget elementor-widget-image\" data-id=\"b433247\" data-element_type=\"widget\" data-widget_type=\"image.default\">\n\t\t\t\t<div class=\"elementor-widget-container\">\n\t\t\t\t\t\t\t\t\t\t\t\t\t\t\t<img fetchpriority=\"high\" decoding=\"async\" width=\"1024\" height=\"576\" src=\"https:\/\/granadaopen.es\/wp-content\/uploads\/2019\/10\/PORTUGAL-1024x576.jpg\" class=\"attachment-large size-large wp-image-594\" alt=\"\" srcset=\"https:\/\/granadaopen.es\/wp-content\/uploads\/2019\/10\/PORTUGAL-1024x576.jpg 1024w, https:\/\/granadaopen.es\/wp-content\/uploads\/2019\/10\/PORTUGAL-300x169.jpg 300w, https:\/\/granadaopen.es\/wp-content\/uploads\/2019\/10\/PORTUGAL-768x432.jpg 768w, https:\/\/granadaopen.es\/wp-content\/uploads\/2019\/10\/PORTUGAL-600x338.jpg 600w, https:\/\/granadaopen.es\/wp-content\/uploads\/2019\/10\/PORTUGAL.jpg 1280w\" sizes=\"(max-width: 1024px) 100vw, 1024px\" \/>\t\t\t\t\t\t\t\t\t\t\t\t\t\t\t<\/div>\n\t\t\t\t<\/div>\n\t\t\t\t\t<\/div>\n\t\t<\/div>\n\t\t\t\t\t<\/div>\n\t\t<\/section>\n\t\t\t\t<section class=\"elementor-section elementor-top-section elementor-element elementor-element-b0c52db elementor-section-boxed elementor-section-height-default elementor-section-height-default\" data-id=\"b0c52db\" data-element_type=\"section\">\n\t\t\t\t\t\t<div class=\"elementor-container elementor-column-gap-default\">\n\t\t\t\t\t<div class=\"elementor-column elementor-col-100 elementor-top-column elementor-element elementor-element-a431fe0\" data-id=\"a431fe0\" data-element_type=\"column\">\n\t\t\t<div class=\"elementor-widget-wrap elementor-element-populated\">\n\t\t\t\t\t\t<div class=\"elementor-element elementor-element-c52d6fa elementor-widget elementor-widget-text-editor\" data-id=\"c52d6fa\" data-element_type=\"widget\" data-widget_type=\"text-editor.default\">\n\t\t\t\t<div class=\"elementor-widget-container\">\n\t\t\t\t\t\t\t\t\t<div class=\"span12\"><h2>El precio incluye<\/h2><h6>&#8211; TRANSPORTE en AUTOB\u00daS HOMOLOGADO TODO el CIRCUITO DESDE GRANADA<\/h6><h6>&#8211; ALOJAMIENTO en HOTEL de 4 estrellas (5 noches en Toledo, provincia)<\/h6><h6>&#8211; PENSI\u00d3N COMPLETA (Agua y Vino) con DOS ALMUERZOS en RESTAURANTE<\/h6><h6>&#8211; GU\u00cdA ACOMPA\u00d1ANTE + GU\u00cdA LOCAL en Toledo<\/h6><h6>&#8211; SEGURO DE VIAJE y ANULACI\u00d3N<\/h6><\/div><p>\u00a0<\/p><p>\u00a0<\/p><div class=\"span12\"><h2>El viaje<\/h2><\/div><h4>D\u00eda 1: CIUDAD DE ORIGEN &gt; MADRID &gt; EXTREMADURA<\/h4><p>Salida a la hora indicada desde la terminal. Breves paradas en ruta. ALMUERZO por cuenta del cliente. Llegada al hotel. CENA Y ALOJAMIENTO.<\/p><h4>D\u00eda 2: MARVAO &gt; CASTELO DE VIDE &gt; PORTALEGRE &gt; CAMPO MAIOR<\/h4><p>DESAYUNO. Excursi\u00f3n INCLUIDA a Marvao, pueblo medieval fortificado que se asienta a gran altura sobre un pe\u00f1asco rodeado de un paisaje de campi\u00f1a. Destaca por su imponente castillo, sus calles estrechas y casas con tejados pintorescos. La localidad est\u00e1 repleta de flores de colores y goza de vistas maravillosas. Continuaci\u00f3n hasta Castelo de Vide, con su impresionante fortaleza medieval que en tiempos dio cobijo a los jud\u00edos expulsados de Espa\u00f1a. ALMUERZO T\u00cdPICO EN RESTAURANTE. Excursi\u00f3n INCLUIDA a Portalegre, con una dilatada historia, fue una ciudad pr\u00f3spera y rica en los siglos XVII y XVIII gracias a la inversi\u00f3n en la industria textil, tradici\u00f3n por la cual todav\u00eda es conocida en la actualidad. Terminaremos nuestro d\u00eda en Campo Maior con su gran industria cafetera.Regreso al hotel. CENA Y ALOJAMIENTO.<\/p><h4>D\u00eda 3: ESTREMOZ &gt; VILAVI\u00c7OSA &gt; OLIVENZA<\/h4><p>DESAYUNO. Excursi\u00f3n INCLUIDA a Estremoz, famosa por sus canteras de m\u00e1rmol, piedra que adorna la mayor\u00eda de los edificios hist\u00f3ricos de la ciudad. Continuaci\u00f3n hasta Vilavi\u00e7osa donde destaca el esplendor que aqu\u00ed dej\u00f3 el Ducado de Bragan\u00e7a. La impresionante fachada de m\u00e1rmol del Palacio Ducal refleja la grandeza de esta villa a la que ven\u00edan a pasar sus d\u00edas de asueto los \u00faltimos reyes de Portugal. Regreso al hotel. ALMUERZO. Excursi\u00f3n INCLUIDA a Olivenza, ciudad plenamente espa\u00f1ola por el sentir de sus habitantes pero sin renunciar a su tradici\u00f3n lusa. Olivenza es hoy s\u00edmbolo de convivencia y di\u00e1logo de culturas. Regreso al hotel. CENA Y ALOJAMIENTO.<\/p><h4>D\u00eda 4: EVORA &gt; CR\u00d3MLECH DOS ALMENDRES &gt; MONSARAZ<\/h4><p>DESAYUNO. Excursi\u00f3n INCLUIDA con GU\u00cdA LOCAL a \u00c9vora, capital del Alentejo. Es una ciudad inigualable donde calles estrechas de recuerdo morisco contrasta con plazas inundadas de luz. Continuaremos hasta llegar al Cr\u00f3mlech dos Almendres, c\u00edrculo prehist\u00f3rico de piedras, considerado como uno de los monumentos megal\u00edticos m\u00e1s importantes de la pen\u00ednsula Ib\u00e9rica y posiblemente de Europa, no solo por sus dimensiones, sino tambi\u00e9n por su estado de conservaci\u00f3n. ALMUERZO T\u00cdPICO EN RESTAURANTE. Excursi\u00f3n INCLUIDA a Monsaraz, peque\u00f1o pueblo marcado por la cal y la pizarra, colgado sobre una colina desde donde se ve el lago artificial m\u00e1s grande de Europa, el embalse de Alqueva. Regreso al hotel. CENA Y ALOJAMIENTO.<\/p><h4>D\u00eda 5: JEREZ DE LOS CABALLEROS &gt; ELVAS<\/h4><p>DESAYUNO. Excursi\u00f3n INCLUIDA a Jerez de los Caballeros, pueblo medieval cuna de conquistadores y de emprendedores durante siglos. Hoy en d\u00eda, adem\u00e1s de tan significativo pasado, de la patria chica de Vasco N\u00fa\u00f1ez de Balboa puede afirmarse que es el motor industrial de Extremadura.Urbe templar\u00eda, donde murieron los \u00faltimos caballeros de esta orden en Espa\u00f1a donde una torre de su Alcazaba-Castillo recuerda el hecho bautizada como \u00abTorre Sangrienta\u00bb. Regreso al hotel. ALMUERZO. Excursi\u00f3n INCLUIDA a Elvas donde disfrutaremos de un paseo por esta ciudad portuguesa que alberga la mayor colecci\u00f3n de fortificaciones baluarte del mundo que fueron declaradas Patrimonio de la Humanidad por la Unesco en el a\u00f1o 2012. Regreso al hotel. CENA Y ALOJAMIENTO.<\/p><h4>D\u00eda 6: EXTREMADURA &gt; MADRID &gt; CIUDAD DE ORIGEN<\/h4><p>DESAYUNO. Salida a primeras horas con direcci\u00f3n a la ciudad de origen. Breves paradas en ruta. ALMUERZO por cuenta del cliente. Llegada. FIN DEL VIAJE.<\/p><p>\u00a0<\/p><h5><strong>Consultar precio en el tel\u00e9fono \/ whatsapp 617696362 GRANADAOPEN<\/strong><\/h5><p>\u00a0<\/p>\t\t\t\t\t\t\t\t<\/div>\n\t\t\t\t<\/div>\n\t\t\t\t\t<\/div>\n\t\t<\/div>\n\t\t\t\t\t<\/div>\n\t\t<\/section>\n\t\t\t\t<\/div>\n\t\t","protected":false},"excerpt":{"rendered":"<p>El precio incluye &#8211; TRANSPORTE en AUTOB\u00daS HOMOLOGADO TODO el CIRCUITO DESDE GRANADA &#8211; ALOJAMIENTO en HOTEL de 4 estrellas (5 noches en Toledo, provincia) &#8211; PENSI\u00d3N COMPLETA (Agua y Vino) con DOS ALMUERZOS en RESTAURANTE &#8211; GU\u00cdA ACOMPA\u00d1ANTE + GU\u00cdA LOCAL en Toledo &#8211; SEGURO DE VIAJE y ANULACI\u00d3N \u00a0 \u00a0 El viaje D\u00eda&hellip; <br \/> <a class=\"read-more\" href=\"https:\/\/granadaopen.es\/?page_id=591\">Leer m\u00e1s<\/a><\/p>\n","protected":false},"author":2,"featured_media":0,"parent":0,"menu_order":0,"comment_status":"closed","ping_status":"closed","template":"","meta":{"footnotes":""},"class_list":["post-591","page","type-page","status-publish","hentry"],"_links":{"self":[{"href":"https:\/\/granadaopen.es\/index.php?rest_route=\/wp\/v2\/pages\/591","targetHints":{"allow":["GET"]}}],"collection":[{"href":"https:\/\/granadaopen.es\/index.php?rest_route=\/wp\/v2\/pages"}],"about":[{"href":"https:\/\/granadaopen.es\/index.php?rest_route=\/wp\/v2\/types\/page"}],"author":[{"embeddable":true,"href":"https:\/\/granadaopen.es\/index.php?rest_route=\/wp\/v2\/users\/2"}],"replies":[{"embeddable":true,"href":"https:\/\/granadaopen.es\/index.php?rest_route=%2Fwp%2Fv2%2Fcomments&post=591"}],"version-history":[{"count":3,"href":"https:\/\/granadaopen.es\/index.php?rest_route=\/wp\/v2\/pages\/591\/revisions"}],"predecessor-version":[{"id":597,"href":"https:\/\/granadaopen.es\/index.php?rest_route=\/wp\/v2\/pages\/591\/revisions\/597"}],"wp:attachment":[{"href":"https:\/\/granadaopen.es\/index.php?rest_route=%2Fwp%2Fv2%2Fmedia&parent=591"}],"curies":[{"name":"wp","href":"https:\/\/api.w.org\/{rel}","templated":true}]}}