{"id":578,"date":"2019-10-30T10:20:26","date_gmt":"2019-10-30T10:20:26","guid":{"rendered":"https:\/\/granadaopen.es\/?page_id=578"},"modified":"2019-10-30T10:23:21","modified_gmt":"2019-10-30T10:23:21","slug":"portugal-al-completo-con-salamanca","status":"publish","type":"page","link":"https:\/\/granadaopen.es\/?page_id=578","title":{"rendered":"PORTUGAL AL COMPLETO CON SALAMANCA"},"content":{"rendered":"\t\t<div data-elementor-type=\"wp-post\" data-elementor-id=\"578\" class=\"elementor elementor-578\">\n\t\t\t\t\t\t<section class=\"elementor-section elementor-top-section elementor-element elementor-element-ea774a8 elementor-section-boxed elementor-section-height-default elementor-section-height-default\" data-id=\"ea774a8\" data-element_type=\"section\">\n\t\t\t\t\t\t<div class=\"elementor-container elementor-column-gap-default\">\n\t\t\t\t\t<div class=\"elementor-column elementor-col-100 elementor-top-column elementor-element elementor-element-2c3c309\" data-id=\"2c3c309\" data-element_type=\"column\">\n\t\t\t<div class=\"elementor-widget-wrap elementor-element-populated\">\n\t\t\t\t\t\t<div class=\"elementor-element elementor-element-c9e43ba elementor-widget elementor-widget-image\" data-id=\"c9e43ba\" data-element_type=\"widget\" data-widget_type=\"image.default\">\n\t\t\t\t<div class=\"elementor-widget-container\">\n\t\t\t\t\t\t\t\t\t\t\t\t\t\t\t<img fetchpriority=\"high\" decoding=\"async\" width=\"800\" height=\"450\" src=\"https:\/\/granadaopen.es\/wp-content\/uploads\/2019\/08\/portuga.jpg\" class=\"attachment-large size-large wp-image-97\" alt=\"\" srcset=\"https:\/\/granadaopen.es\/wp-content\/uploads\/2019\/08\/portuga.jpg 800w, https:\/\/granadaopen.es\/wp-content\/uploads\/2019\/08\/portuga-300x169.jpg 300w, https:\/\/granadaopen.es\/wp-content\/uploads\/2019\/08\/portuga-768x432.jpg 768w, https:\/\/granadaopen.es\/wp-content\/uploads\/2019\/08\/portuga-600x338.jpg 600w\" sizes=\"(max-width: 800px) 100vw, 800px\" \/>\t\t\t\t\t\t\t\t\t\t\t\t\t\t\t<\/div>\n\t\t\t\t<\/div>\n\t\t\t\t\t<\/div>\n\t\t<\/div>\n\t\t\t\t\t<\/div>\n\t\t<\/section>\n\t\t\t\t<section class=\"elementor-section elementor-top-section elementor-element elementor-element-be9a825 elementor-section-boxed elementor-section-height-default elementor-section-height-default\" data-id=\"be9a825\" data-element_type=\"section\">\n\t\t\t\t\t\t<div class=\"elementor-container elementor-column-gap-default\">\n\t\t\t\t\t<div class=\"elementor-column elementor-col-100 elementor-top-column elementor-element elementor-element-3559ad8\" data-id=\"3559ad8\" data-element_type=\"column\">\n\t\t\t<div class=\"elementor-widget-wrap\">\n\t\t\t\t\t\t\t<\/div>\n\t\t<\/div>\n\t\t\t\t\t<\/div>\n\t\t<\/section>\n\t\t\t\t<section class=\"elementor-section elementor-top-section elementor-element elementor-element-dee2f4a elementor-section-boxed elementor-section-height-default elementor-section-height-default\" data-id=\"dee2f4a\" data-element_type=\"section\">\n\t\t\t\t\t\t<div class=\"elementor-container elementor-column-gap-default\">\n\t\t\t\t\t<div class=\"elementor-column elementor-col-100 elementor-top-column elementor-element elementor-element-9e7d89f\" data-id=\"9e7d89f\" data-element_type=\"column\">\n\t\t\t<div class=\"elementor-widget-wrap elementor-element-populated\">\n\t\t\t\t\t\t<div class=\"elementor-element elementor-element-53a1322 elementor-widget elementor-widget-text-editor\" data-id=\"53a1322\" data-element_type=\"widget\" data-widget_type=\"text-editor.default\">\n\t\t\t\t<div class=\"elementor-widget-container\">\n\t\t\t\t\t\t\t\t\t<div class=\"span12\"><h2>El precio incluye<\/h2><h5>&#8211; TRANSPORTE en AUTOB\u00daS HOMOLOGADO TODO el CIRCUITO DESDE GRANADA<\/h5><h5>&#8211; ALOJAMIENTO 5 noches, dos en NORTE DE PORTUGAL, dos en F\u00c1TIMA y una en SALAMANCA, todos en HOTEL de Categor\u00eda 3 o 4*<\/h5><h5>&#8211; PENSI\u00d3N COMPLETA en el Hotel (Agua y Vino) con DOS ALMUERZOS en RESTAURANTE<\/h5><h5>&#8211; GU\u00cdA ACOMPA\u00d1ANTE + GU\u00cdA LOCAL en Lisboa, Oporto y Salamanca<\/h5><h5>&#8211; SEGURO DE VIAJE y ANULACI\u00d3N<\/h5><\/div><p>\u00a0<\/p><div class=\"span12\"><h2>El viaje<\/h2><h4>D\u00eda 1: CIUDAD DE ORIGEN &gt; MADRID &gt; PORTUGAL<\/h4><p>Salida a la hora indicada desde la terminal. Breves paradas en ruta. ALMUERZO por cuenta del cliente. Llegada al hotel. CENA Y ALOJAMIENTO.<\/p><h4>D\u00eda 2: OPORTO &gt; GUIMARAES &gt; BOM JESUS<\/h4><p>DESAYUNO. Excursi\u00f3n INCLUIDA con GU\u00cdA LOCAL a Oporto, pasearemos por el casco hist\u00f3rico donde destaca la Torre de los Cl\u00e9rigos, el Puente de San Luis, etc.Tambi\u00e9n disfrutaremos de un Crucero Fluvial de los 6 puentes de Oporto partiendo del embarcadero de Gaia disfrutaremos del Puente Mar\u00eda P\u00eda, la primera gran obra de Gustavo Eiffel, el puente de San Luis I, el puente de la Arr\u00e1bida, etc (entrada Incluida). Regreso al hotel.ALMUERZO.Excursi\u00f3n INCLUIDA a Guimaraes cuyo centro hist\u00f3rico est\u00e1 declarado Patrimonio Mundial y se la considera \u201cla ciudad donde naci\u00f3 Portugal\u201d. Continuaci\u00f3n al Santuario de Bom Jesus do Monte, monumento m\u00e1s visitado y uno de los iconos de Portugal.Regreso al hotel.CENA Y ALOJAMIENTO.<\/p><h4>D\u00eda 3: AVEIRO &gt; CO\u00cdMBRA<\/h4><p>DESAYUNO. Excursi\u00f3n INCLUIDA a Aveiro, la Venecia Portuguesa, capital de la R\u00eda que comunica con Aveiro a trav\u00e9s de 3 canales: el de las Pir\u00e1mides, Canal Central y Canal San Roque. Donde podremos observar bonitos edificios de Art Nouveau, etc. ALMUERZO EN RESTAURANTE. Excursi\u00f3n INCLUIDA a Co\u00edmbra, capital de Portugal desde 1139 hasta 1260 pero es m\u00e1s conocida por su Universidad, la m\u00e1s antigua del pa\u00eds, la Capilla de San Miguel, la Nueva Se, la Iglesia de Santa Cruz y el Convento de Santa Clara a Nova.Tambi\u00e9n cabe destacar la Juder\u00eda Vieja y Juder\u00eda Nueva.Continuaci\u00f3n del viaje direcci\u00f3n F\u00e1tima.Llegada al hotel.CENA Y ALOJAMIENTO.<\/p><h4>D\u00eda 4: LISBOA &gt; SINTRA &gt; NOCHE DE FADOS<\/h4><p>DESAYUNO. Excursi\u00f3n INCLUIDA con GU\u00cdA LOCAL a Lisboa, capital lusitana y la ciudad m\u00e1s grande del pa\u00eds. Nos acercaremos al barrio de Belem donde destaca el Monasterio de los Jer\u00f3nimos, la Torre de Belem, el monumento a los Descubridores, etc. Asimismo realizaremos una panor\u00e1mica desde la que poder ver la Plaza del Rossio, la estufa fr\u00eda, etc. ALMUERZO T\u00cdPICO EN RESTAURANTE. Excursi\u00f3n INCLUIDA a la Villa de Sintra, encantadora ciudad medieval que conserva muchas reminiscencias \u00e1rabes: los azulejos, patios y fuentes, lugar de veraneo de reyes, cuenta entre sus monumentos con el Palacio da Pena, el Palacio Nacional y el Castelo dos Mouros (entradas no incluidas). Regreso al hotel. CENA Y ALOJAMIENTO. Disfrute de un espect\u00e1culo de fados (entrada no incluida).<\/p><h4>D\u00eda 5: GUARDA &gt; SALAMANCA<\/h4><p>DESAYUNO. Salida con direcci\u00f3n a Guarda, excursi\u00f3n INCLUIDA donde destaca la Torre de los Ferreiros,la Catedral de Guarda,la Iglesia de San Vicente desde donde podremos acceder a la antigua Juder\u00eda, el Museo de Guarda. Continuaci\u00f3n del viaje hacia Salamanca. Breves paradas en ruta. Llegada al hotel. ALMUERZO. Excursi\u00f3n INCLUIDA con GU\u00cdA LOCAL a Salamanca, su perfil inconfundible sobre el r\u00edo Tormes con las torres y \u00e1bsides de sus dos Catedrales nos sume en una atm\u00f3sfera de arte, historia y tradici\u00f3n. Los romanos la llamaron Helm\u00e1ntica y dejaron para la posteridad su fabuloso Puente Romano. En torno a la impresionante Plaza Mayor se disponen algunos de los m\u00e1s espectaculares edificios salmantinos, La Casa de las Conchas, la Universidad, la Clerec\u00eda, el Palacio de Monterrey, etc. Llamada la ciudad dorada por el color de la piedra de sus monumentos.Regreso al hotel.CENA Y ALOJAMIENTO.<\/p><h4>D\u00eda 6: SALAMANCA &gt; MADRID &gt; CIUDAD DE ORIGEN<\/h4><p>DESAYUNO. Salida a primeras horas con direcci\u00f3n a la ciudad de origen. Breves paradas en ruta. ALMUERZO por cuenta del cliente. Llegada. FIN DEL VIAJE.<\/p><\/div><p>\u00a0<\/p><p>\u00a0<\/p><h5><strong>Consultar precio en el tel\u00e9fono \/ whatsapp 617696362 GRANADAOPEN<\/strong><\/h5>\t\t\t\t\t\t\t\t<\/div>\n\t\t\t\t<\/div>\n\t\t\t\t\t<\/div>\n\t\t<\/div>\n\t\t\t\t\t<\/div>\n\t\t<\/section>\n\t\t\t\t<\/div>\n\t\t","protected":false},"excerpt":{"rendered":"<p>El precio incluye &#8211; TRANSPORTE en AUTOB\u00daS HOMOLOGADO TODO el CIRCUITO DESDE GRANADA &#8211; ALOJAMIENTO 5 noches, dos en NORTE DE PORTUGAL, dos en F\u00c1TIMA y una en SALAMANCA, todos en HOTEL de Categor\u00eda 3 o 4* &#8211; PENSI\u00d3N COMPLETA en el Hotel (Agua y Vino) con DOS ALMUERZOS en RESTAURANTE &#8211; GU\u00cdA ACOMPA\u00d1ANTE +&hellip; <br \/> <a class=\"read-more\" href=\"https:\/\/granadaopen.es\/?page_id=578\">Leer m\u00e1s<\/a><\/p>\n","protected":false},"author":2,"featured_media":0,"parent":0,"menu_order":0,"comment_status":"closed","ping_status":"closed","template":"","meta":{"footnotes":""},"class_list":["post-578","page","type-page","status-publish","hentry"],"_links":{"self":[{"href":"https:\/\/granadaopen.es\/index.php?rest_route=\/wp\/v2\/pages\/578","targetHints":{"allow":["GET"]}}],"collection":[{"href":"https:\/\/granadaopen.es\/index.php?rest_route=\/wp\/v2\/pages"}],"about":[{"href":"https:\/\/granadaopen.es\/index.php?rest_route=\/wp\/v2\/types\/page"}],"author":[{"embeddable":true,"href":"https:\/\/granadaopen.es\/index.php?rest_route=\/wp\/v2\/users\/2"}],"replies":[{"embeddable":true,"href":"https:\/\/granadaopen.es\/index.php?rest_route=%2Fwp%2Fv2%2Fcomments&post=578"}],"version-history":[{"count":3,"href":"https:\/\/granadaopen.es\/index.php?rest_route=\/wp\/v2\/pages\/578\/revisions"}],"predecessor-version":[{"id":583,"href":"https:\/\/granadaopen.es\/index.php?rest_route=\/wp\/v2\/pages\/578\/revisions\/583"}],"wp:attachment":[{"href":"https:\/\/granadaopen.es\/index.php?rest_route=%2Fwp%2Fv2%2Fmedia&parent=578"}],"curies":[{"name":"wp","href":"https:\/\/api.w.org\/{rel}","templated":true}]}}