{"id":553,"date":"2019-10-29T10:04:27","date_gmt":"2019-10-29T10:04:27","guid":{"rendered":"https:\/\/granadaopen.es\/?page_id=553"},"modified":"2019-10-29T18:09:40","modified_gmt":"2019-10-29T18:09:40","slug":"rute-dia-7-de-diciembre","status":"publish","type":"page","link":"https:\/\/granadaopen.es\/?page_id=553","title":{"rendered":"RUTE D\u00cdA 7 DE DICIEMBRE"},"content":{"rendered":"\t\t<div data-elementor-type=\"wp-post\" data-elementor-id=\"553\" class=\"elementor elementor-553\">\n\t\t\t\t\t\t<section class=\"elementor-section elementor-top-section elementor-element elementor-element-15bb7dde elementor-section-boxed elementor-section-height-default elementor-section-height-default\" data-id=\"15bb7dde\" data-element_type=\"section\">\n\t\t\t\t\t\t<div class=\"elementor-container elementor-column-gap-default\">\n\t\t\t\t\t<div class=\"elementor-column elementor-col-100 elementor-top-column elementor-element elementor-element-1c074294\" data-id=\"1c074294\" data-element_type=\"column\">\n\t\t\t<div class=\"elementor-widget-wrap elementor-element-populated\">\n\t\t\t\t\t\t<div class=\"elementor-element elementor-element-6a603494 elementor-invisible elementor-widget elementor-widget-text-editor\" data-id=\"6a603494\" data-element_type=\"widget\" data-settings=\"{&quot;_animation&quot;:&quot;fadeIn&quot;}\" data-widget_type=\"text-editor.default\">\n\t\t\t\t<div class=\"elementor-widget-container\">\n\t\t\t\t\t\t\t\t\t<p><\/p>\n<h1 class=\"wp-block-heading\">RUTE<\/h1>\n<p><\/p>\n<h2 class=\"wp-block-heading\">7 de Diciembre<\/h2><div><br><\/div>\n<p><\/p>\n<h4 class=\"wp-block-heading\">En cualquier \u00e9poca del a\u00f1o,&nbsp;Rute&nbsp;es un destino fant\u00e1stico para los amantes de la&nbsp;gastronom\u00eda, la&nbsp;cultura, la&nbsp;naturaleza&nbsp;y el&nbsp;deporte. Pero cuando es&nbsp;Navidad en Rute, donde nace la Navidad, esta localidad se convierte en una&nbsp;visita obligada&nbsp;para el disfrute de grandes y peque\u00f1os.<\/h4>\n<p><\/p>\n<h4 class=\"wp-block-heading\">Salida s\u00e1bado 7 de diciembre ala 7:45h desde el punto de origen destino Rute. Breve parada en camino para desayunar y continuaci\u00f3n a nuestro destino.<\/h4>\n<p><\/p>\n<h4 class=\"wp-block-heading\">Por la ma\u00f1ana visitaremos con nuestra gu\u00eda acompa\u00f1ante el museo del an\u00eds con degustaci\u00f3n y visita guiada y seguidamente visitaremos el Museo Chacina.&nbsp; Y opcionalmente visita por los alrededores y o&nbsp; Museo del az\u00facar. Para finalizar la ma\u00f1ana, nos dirigiremos a nuestro restaurante \u00abEl Mirador de Rute\u00bb para almorzar sobre las 14:30h.<\/h4>\n<p><\/p>\n<h4 class=\"wp-block-heading\">Tras el almuerzo visitaremos uno de los museos m\u00e1s visitados de Rute, el Bel\u00e9n de Chocolate. Una vez finalizada esta visita tiempo para comprar productos t\u00edpicos de la navidad, seguidamente realizaremos la visita al Museo del turr\u00f3n y opcionalmente se ofrecer\u00e1 la visita del museo del hielo. Una vez finalizadas ambas visitas tiempo libre para hacer algunas compras y regreso para nuestros destinos.<\/h4>\n<p><\/p>\n<h4 class=\"wp-block-heading\">En el precio se incluye:<\/h4>\n<p><\/p>\n<h4 class=\"wp-block-heading\">Entrada museo del An\u00eds<\/h4>\n<p><\/p>\n<h4 class=\"wp-block-heading\">Entrada Bel\u00e9n de Chocolate<\/h4>\n<p><\/p>\n<h4 class=\"wp-block-heading\">Entrada museo del Turr\u00f3n<\/h4>\n<p><\/p>\n<h4 class=\"wp-block-heading\">Almuerzo en restaurante<\/h4>\n<p><\/p>\n<h4 class=\"wp-block-heading\">Gu\u00eda acompa\u00f1ante<\/h4>\n<p><\/p>\n<h4 class=\"wp-block-heading\">Autob\u00fas todo el recorrido<\/h4>\n<p><\/p>\n<h4 class=\"wp-block-heading\">Seguro del viaje<\/h4>\n<p><\/p>\n<h4 class=\"wp-block-heading\">35\u20ac<\/h4>\n<p><\/p>\n<h4 class=\"wp-block-heading\">PUNTOS DE SALIDAS:<\/h4>\n<p><\/p>\n<h4 class=\"wp-block-heading\">Jayena, parada frente al cuartel 07:45h<\/h4>\n<p><\/p>\n<h4 class=\"wp-block-heading\">Fornes, parada de la piscina 07:50h<\/h4>\n<p><\/p>\n<h4 class=\"wp-block-heading\">Granada, parada Fosterhollywood 08:30h<\/h4>\n<p><\/p>\n<p>*VIAJE EN FORMACI\u00d3N, M\u00cdNIMO 30 PERSONAS PARA GARANTIZAR LA SALIDA<\/p>\n<p><a href=\"https:\/\/granadaopen.es\/?product=excursion-a-rute\">https:\/\/granadaopen.es\/?product=excursion-a-rute<\/a><\/p>\n<p><\/p>\n<h4 class=\"wp-block-heading\">INFORMACI\u00d3N Y RESERVAS CONTACTA EN EL 617696362<\/h4>\n<p><\/p>\t\t\t\t\t\t\t\t<\/div>\n\t\t\t\t<\/div>\n\t\t\t\t\t<\/div>\n\t\t<\/div>\n\t\t\t\t\t<\/div>\n\t\t<\/section>\n\t\t\t\t<section class=\"elementor-section elementor-top-section elementor-element elementor-element-3dc2411 elementor-section-boxed elementor-section-height-default elementor-section-height-default\" data-id=\"3dc2411\" data-element_type=\"section\">\n\t\t\t\t\t\t<div class=\"elementor-container elementor-column-gap-default\">\n\t\t\t\t\t<div class=\"elementor-column elementor-col-100 elementor-top-column elementor-element elementor-element-d3f8ba2\" data-id=\"d3f8ba2\" data-element_type=\"column\">\n\t\t\t<div class=\"elementor-widget-wrap elementor-element-populated\">\n\t\t\t\t\t\t<div class=\"elementor-element elementor-element-64258b1 elementor-widget elementor-widget-image\" data-id=\"64258b1\" data-element_type=\"widget\" data-widget_type=\"image.default\">\n\t\t\t\t<div class=\"elementor-widget-container\">\n\t\t\t\t\t\t\t\t\t\t\t\t\t\t\t<img fetchpriority=\"high\" decoding=\"async\" width=\"644\" height=\"362\" src=\"https:\/\/granadaopen.es\/wp-content\/uploads\/2019\/10\/rute-navidad-anis-644x362-1.jpg\" class=\"attachment-large size-large wp-image-532\" alt=\"\" srcset=\"https:\/\/granadaopen.es\/wp-content\/uploads\/2019\/10\/rute-navidad-anis-644x362-1.jpg 644w, https:\/\/granadaopen.es\/wp-content\/uploads\/2019\/10\/rute-navidad-anis-644x362-1-300x169.jpg 300w, https:\/\/granadaopen.es\/wp-content\/uploads\/2019\/10\/rute-navidad-anis-644x362-1-600x337.jpg 600w\" sizes=\"(max-width: 644px) 100vw, 644px\" \/>\t\t\t\t\t\t\t\t\t\t\t\t\t\t\t<\/div>\n\t\t\t\t<\/div>\n\t\t\t\t\t<\/div>\n\t\t<\/div>\n\t\t\t\t\t<\/div>\n\t\t<\/section>\n\t\t\t\t<\/div>\n\t\t","protected":false},"excerpt":{"rendered":"<p>RUTE 7 de Diciembre En cualquier \u00e9poca del a\u00f1o,&nbsp;Rute&nbsp;es un destino fant\u00e1stico para los amantes de la&nbsp;gastronom\u00eda, la&nbsp;cultura, la&nbsp;naturaleza&nbsp;y el&nbsp;deporte. Pero cuando es&nbsp;Navidad en Rute, donde nace la Navidad, esta localidad se convierte en una&nbsp;visita obligada&nbsp;para el disfrute de grandes y peque\u00f1os. Salida s\u00e1bado 7 de diciembre ala 7:45h desde el punto de origen destino&hellip; <br \/> <a class=\"read-more\" href=\"https:\/\/granadaopen.es\/?page_id=553\">Leer m\u00e1s<\/a><\/p>\n","protected":false},"author":2,"featured_media":0,"parent":0,"menu_order":0,"comment_status":"closed","ping_status":"closed","template":"","meta":{"footnotes":""},"class_list":["post-553","page","type-page","status-publish","hentry"],"_links":{"self":[{"href":"https:\/\/granadaopen.es\/index.php?rest_route=\/wp\/v2\/pages\/553","targetHints":{"allow":["GET"]}}],"collection":[{"href":"https:\/\/granadaopen.es\/index.php?rest_route=\/wp\/v2\/pages"}],"about":[{"href":"https:\/\/granadaopen.es\/index.php?rest_route=\/wp\/v2\/types\/page"}],"author":[{"embeddable":true,"href":"https:\/\/granadaopen.es\/index.php?rest_route=\/wp\/v2\/users\/2"}],"replies":[{"embeddable":true,"href":"https:\/\/granadaopen.es\/index.php?rest_route=%2Fwp%2Fv2%2Fcomments&post=553"}],"version-history":[{"count":11,"href":"https:\/\/granadaopen.es\/index.php?rest_route=\/wp\/v2\/pages\/553\/revisions"}],"predecessor-version":[{"id":570,"href":"https:\/\/granadaopen.es\/index.php?rest_route=\/wp\/v2\/pages\/553\/revisions\/570"}],"wp:attachment":[{"href":"https:\/\/granadaopen.es\/index.php?rest_route=%2Fwp%2Fv2%2Fmedia&parent=553"}],"curies":[{"name":"wp","href":"https:\/\/api.w.org\/{rel}","templated":true}]}}