{"id":397,"date":"2019-09-24T10:30:52","date_gmt":"2019-09-24T10:30:52","guid":{"rendered":"https:\/\/granadaopen.es\/?page_id=397"},"modified":"2019-09-29T16:30:30","modified_gmt":"2019-09-29T16:30:30","slug":"granada-historica","status":"publish","type":"page","link":"https:\/\/granadaopen.es\/?page_id=397","title":{"rendered":"Granada Hist\u00f3rica"},"content":{"rendered":"\t\t<div data-elementor-type=\"wp-post\" data-elementor-id=\"397\" class=\"elementor elementor-397\">\n\t\t\t\t\t\t<section class=\"elementor-section elementor-top-section elementor-element elementor-element-53d82300 elementor-section-boxed elementor-section-height-default elementor-section-height-default\" data-id=\"53d82300\" data-element_type=\"section\">\n\t\t\t\t\t\t<div class=\"elementor-container elementor-column-gap-default\">\n\t\t\t\t\t<div class=\"elementor-column elementor-col-100 elementor-top-column elementor-element elementor-element-691e5f19\" data-id=\"691e5f19\" data-element_type=\"column\">\n\t\t\t<div class=\"elementor-widget-wrap elementor-element-populated\">\n\t\t\t\t\t\t<div class=\"elementor-element elementor-element-3a10c390 elementor-invisible elementor-widget elementor-widget-text-editor\" data-id=\"3a10c390\" data-element_type=\"widget\" data-settings=\"{&quot;_animation&quot;:&quot;fadeInDown&quot;}\" data-widget_type=\"text-editor.default\">\n\t\t\t\t<div class=\"elementor-widget-container\">\n\t\t\t\t\t\t\t\t\t<p><\/p>\n<p style=\"text-align: center;\"><strong>VISITA PRIVADA EN LA CIUDAD<\/strong><\/p>\n<p><\/p>\n<figure class=\"wp-block-image\"><img fetchpriority=\"high\" decoding=\"async\" width=\"849\" height=\"566\" class=\"wp-image-403\" src=\"https:\/\/granadaopen.es\/wp-content\/uploads\/2019\/09\/granada-catedral-1.jpg\" alt=\"\" srcset=\"https:\/\/granadaopen.es\/wp-content\/uploads\/2019\/09\/granada-catedral-1.jpg 849w, https:\/\/granadaopen.es\/wp-content\/uploads\/2019\/09\/granada-catedral-1-300x200.jpg 300w, https:\/\/granadaopen.es\/wp-content\/uploads\/2019\/09\/granada-catedral-1-768x512.jpg 768w, https:\/\/granadaopen.es\/wp-content\/uploads\/2019\/09\/granada-catedral-1-600x400.jpg 600w\" sizes=\"(max-width: 849px) 100vw, 849px\" \/><\/figure>\n<p><\/p>\n<blockquote class=\"wp-block-quote is-layout-flow wp-block-quote-is-layout-flow\" style=\"text-align: center;\">\n<p><strong>Tour guiado de 2:30 horas con un gu\u00eda oficial que te mostrar\u00e1 lo m\u00e1s destacado de Granada. El recorrido comenzar\u00e1 en la Plaza Bib-Rambla, junto a la gran fuente. En el bono de los clientes se le indica como deben encontrar al gu\u00eda, la se\u00f1alizaci\u00f3n que lleva. A continuaci\u00f3n visitar\u00e1n los monumentos m\u00e1s importantes de la ciudad. La primera parada es la&nbsp; Alcaicer\u00eda, un antiguo zoco de la \u00e9poca \u00e1rabe en Granada. Luego se visitar\u00e1 la catedral de la ciudad y la Capilla Real (en exterior).<\/strong><\/p>\n<p><strong><\/strong><\/p><strong>\n<p>Recorreremos uno de los barrios m\u00e1s famosos de Granada, Albaycin. Su gu\u00eda le mostrar\u00e1 las calles estrechas, t\u00edpicas del vecindario, y visitar\u00e1 un famoso mirador para ver la Alhambra de una manera \u00fanica.<\/p>\n<\/strong><p><strong><\/strong><\/p>\n<p><strong>Tras finalizar su tour privado panor\u00e1mico, habr\u00e1 visto y llegado a conocer el coraz\u00f3n y la cultura de Granada. <\/strong><\/p>\n<p><strong>P\u00eddale unas rese\u00f1as para tapear en la ciudad a nuestro gu\u00eda.<\/strong><\/p>\n<p><strong>EN EL PRECIO INCLUYE:<\/strong><\/p>\n<p><strong>Gu\u00eda oficial<\/strong><\/p>\n<p><strong>Visita panor\u00e1mica de la ciudad<\/strong><\/p>\n<p><strong>NO INCLUYE:<\/strong><\/p>\n<p><strong>Entradas a monumentos <\/strong><\/p>\n<p><strong>PRECIO: 250\u20ac + IVA (precio en base a 1 persona), se aumenta 10\u20ac con IVA por cada persona m\u00e1s que se una al grupo.<\/strong><\/p>\n<p><\/p>\n<p><br><\/p>\n<p><\/p>\n<\/blockquote>\n<p><\/p>\n<p style=\"text-align: center;\"><strong> VISITAS PRIVADAS ALPUJARRA DESDE GRANADA<\/strong> &nbsp;<\/p>\n<p><\/p>\n<figure class=\"wp-block-image is-resized\"><img decoding=\"async\" class=\"wp-image-412\" src=\"https:\/\/granadaopen.es\/wp-content\/uploads\/2019\/09\/Alpujarra.jpg\" alt=\"\" width=\"582\" height=\"307\" srcset=\"https:\/\/granadaopen.es\/wp-content\/uploads\/2019\/09\/Alpujarra.jpg 309w, https:\/\/granadaopen.es\/wp-content\/uploads\/2019\/09\/Alpujarra-300x158.jpg 300w\" sizes=\"(max-width: 582px) 100vw, 582px\" \/><\/figure>\n<p><\/p>\n<p style=\"text-align: center;\"><strong>LA ALPUJARRA, GRANADA<\/strong><\/p>\n<p><strong><\/strong><\/p><strong>\n<p>ITINERARIO:<br>Salida desde el punto de encuentro acordado por nuestros clientes en el centro de Granada, y salida en direcci\u00f3n a la Alpujarra de Granada. En el recorrido se visitar\u00e1 las siguientes localidades con breves paradas en ellas y breves explicaciones del gu\u00eda. &nbsp;Lanjar\u00f3n, \u00d3rgiva, Carataunas, Pampaneira, Pitres, P\u00f3rtugos, Trev\u00e9lez, Bubi\u00f3n, Capileira y Barranco de Poqueira. El Almuerzo tendr\u00e1 lugar en la localidad de Capileira, \u201cPlato Alpujarre\u00f1o\u201d.<\/p>\n<p>EN EL PRECIO SE INCLUYE:<br>Autob\u00fas ida y vuelta a Granada<br>Gu\u00eda tur\u00edstico oficial<br>Almuerzo plato t\u00edpico<\/p>\n<\/strong><p><strong><\/strong><\/p>\n<p><strong>\u00b7&nbsp;&nbsp;&nbsp;&nbsp;&nbsp;&nbsp;&nbsp;&nbsp; GRUPOS REDUCIDOS MAXIMO 15 PERSONAS O BAJO PETICI\u00d3N EN PRIVADO. PRECIO POR PERSONA 85\u20ac. <br><\/strong><\/p>\n<p><\/p>\n<div><br><\/div>\t\t\t\t\t\t\t\t<\/div>\n\t\t\t\t<\/div>\n\t\t\t\t\t<\/div>\n\t\t<\/div>\n\t\t\t\t\t<\/div>\n\t\t<\/section>\n\t\t\t\t<\/div>\n\t\t","protected":false},"excerpt":{"rendered":"<p>VISITA PRIVADA EN LA CIUDAD Tour guiado de 2:30 horas con un gu\u00eda oficial que te mostrar\u00e1 lo m\u00e1s destacado de Granada. El recorrido comenzar\u00e1 en la Plaza Bib-Rambla, junto a la gran fuente. En el bono de los clientes se le indica como deben encontrar al gu\u00eda, la se\u00f1alizaci\u00f3n que lleva. A continuaci\u00f3n visitar\u00e1n&hellip; <br \/> <a class=\"read-more\" href=\"https:\/\/granadaopen.es\/?page_id=397\">Leer m\u00e1s<\/a><\/p>\n","protected":false},"author":2,"featured_media":0,"parent":0,"menu_order":0,"comment_status":"closed","ping_status":"closed","template":"","meta":{"footnotes":""},"class_list":["post-397","page","type-page","status-publish","hentry"],"_links":{"self":[{"href":"https:\/\/granadaopen.es\/index.php?rest_route=\/wp\/v2\/pages\/397","targetHints":{"allow":["GET"]}}],"collection":[{"href":"https:\/\/granadaopen.es\/index.php?rest_route=\/wp\/v2\/pages"}],"about":[{"href":"https:\/\/granadaopen.es\/index.php?rest_route=\/wp\/v2\/types\/page"}],"author":[{"embeddable":true,"href":"https:\/\/granadaopen.es\/index.php?rest_route=\/wp\/v2\/users\/2"}],"replies":[{"embeddable":true,"href":"https:\/\/granadaopen.es\/index.php?rest_route=%2Fwp%2Fv2%2Fcomments&post=397"}],"version-history":[{"count":12,"href":"https:\/\/granadaopen.es\/index.php?rest_route=\/wp\/v2\/pages\/397\/revisions"}],"predecessor-version":[{"id":458,"href":"https:\/\/granadaopen.es\/index.php?rest_route=\/wp\/v2\/pages\/397\/revisions\/458"}],"wp:attachment":[{"href":"https:\/\/granadaopen.es\/index.php?rest_route=%2Fwp%2Fv2%2Fmedia&parent=397"}],"curies":[{"name":"wp","href":"https:\/\/api.w.org\/{rel}","templated":true}]}}