{"id":355,"date":"2019-09-22T12:13:35","date_gmt":"2019-09-22T12:13:35","guid":{"rendered":"https:\/\/granadaopen.es\/?page_id=355"},"modified":"2019-09-24T11:20:45","modified_gmt":"2019-09-24T11:20:45","slug":"alhambra-guiada","status":"publish","type":"page","link":"https:\/\/granadaopen.es\/?page_id=355","title":{"rendered":"Alhambra Guiada"},"content":{"rendered":"<p><\/p>\n\n\n<\/p>\n<h2 class=\"wp-block-heading\">LA ALHAMBRA Y GENERALIFE<\/h2>\n<figure><img decoding=\"async\" src=\"https:\/\/granadaopen.es\/wp-content\/uploads\/2019\/09\/alhambra--1024x576.jpg\" alt=\"\"><\/figure>\n<p>\n\n\n<p style=\"text-align: center;\">\u00a0<\/p>\n<p>\u00a0<\/p>\n\n\n<\/p>\n<p><strong>ITINERARIO:<\/strong><\/p>\n<p>\n\n\n<p><\/p>\n<p><\/p>\n\n\n<\/p>\n<p>Recogida a los clientes en el punto de encuentro<br>indicado en sus bonos, \u201cCASAS DE LA MIMBRE JUNTO AL RESTAURANTE LA MIMBRE\u201d<br>CALLE PRINCIPAL DE LA ALHAMBRA. A continuaci\u00f3n comienzo de la visita con<br>nuestra gu\u00eda oficial de la Alhambra, con una duraci\u00f3n de 3h la visita. Visitas<br>para grupos reducidos, m\u00e1ximo 14 personas en el grupo.<\/p>\n<p>\n\n\n<p><\/p>\n<p><\/p>\n\n\n<\/p>\n<p>El recorrido incluye: <br><\/p><p>La Alcazaba, El Palacio de Mexuar, El Serrallo, El Patio de los<br>Arrayanes, La sala de la Barca, El Sal\u00f3n de los Embajadores, El Peinador de la<br>Reina, El Patio de los Leones, Sala de los Abencerrajes, Los ba\u00f1os Reales,<br>Lindaraja, Los jadines del PArtal y el Palacio de Carlos V.<\/p>\n<p>\n\n\n<p><\/p>\n<p><\/p>\n\n\n<\/p>\n<p>EN EL PRECIO SE INCLUYE:<\/p>\n<p>\n\n\n<p><\/p>\n<p><\/p>\n\n\n<\/p>\n<p>Gu\u00eda tur\u00edstico oficial<\/p>\n<p>\n\n\n<p><\/p>\n<p><\/p>\n\n\n<\/p>\n<p>Entradas a monumentos<\/p>\n<p>\n\n\n<p><\/p>\n<p><\/p>\n\n\n<\/p>\n<p>PRECIOS DE LA VISITA: N\u00ba DE PERSONAS Y PRECIO TOTAL DE LA<br>VISITA.<\/p>\n<p>\n\n\n<p><\/p>\n<p><\/p>\n\n\n<\/p>\n<table>\n<tbody>\n<tr>\n<td>1 persona \u2013 294\u20ac<\/td>\n<td>2 personas \u2013 312\u20ac<\/td>\n<td>3 personas \u2013 336\u20ac<\/td>\n<\/tr>\n<tr>\n<td>4 personas \u2013 360\u20ac<\/td>\n<td>5 personas \u2013 384\u20ac<\/td>\n<td>6 personas \u2013 408\u20ac<\/td>\n<\/tr>\n<tr>\n<td>7 personas \u2013 456\u20ac<\/td>\n<td>8 personas \u2013 480\u20ac<\/td>\n<td>7 personas \u2013 456\u20ac<\/td>\n<\/tr>\n<tr>\n<td>8 personas \u2013 480\u20ac<\/td>\n<td>9 personas \u2013 504\u20ac<\/td>\n<td>10 personas \u2013 528\u20ac<\/td>\n<\/tr>\n<tr>\n<td>11 personas \u2013 552\u20ac<\/td>\n<td>12 personas \u2013 576\u20ac<\/td>\n<td>13 personas \u2013 600\u20ac<\/td>\n<\/tr>\n<tr>\n<td>14 personas 624\u20ac<\/td>\n<td>&nbsp;<\/td>\n<td>&nbsp;<\/td>\n<\/tr>\n<\/tbody>\n<\/table>\n<p>\n\n\n<p>\u00a0<\/p>\n<p>&#8212;&#8212;&#8212;&#8212;&#8212;&#8212;&#8212;&#8212;&#8212;&#8212;&#8212;&#8212;&#8212;&#8212;&#8212;&#8212;&#8212;&#8212;&#8212;&#8212;&#8212;&#8212;&#8212;&#8212;&#8212;&#8212;&#8212;&#8212;&#8212;&#8212;&#8212;&#8212;<\/p>\n\n\n\n\n<h2 class=\"wp-block-heading\"><strong>VISITAS PRIVADAS ALBAICIN Y SACROMONTE<\/strong><\/h2>\n\n\n\n<figure class=\"wp-block-image\"><img fetchpriority=\"high\" decoding=\"async\" width=\"900\" height=\"506\" src=\"https:\/\/granadaopen.es\/wp-content\/uploads\/2019\/09\/Mirador-de-San-Nicol\u00e1s-Granada-Featured.jpg\" alt=\"\" class=\"wp-image-418\" srcset=\"https:\/\/granadaopen.es\/wp-content\/uploads\/2019\/09\/Mirador-de-San-Nicol\u00e1s-Granada-Featured.jpg 900w, https:\/\/granadaopen.es\/wp-content\/uploads\/2019\/09\/Mirador-de-San-Nicol\u00e1s-Granada-Featured-300x169.jpg 300w, https:\/\/granadaopen.es\/wp-content\/uploads\/2019\/09\/Mirador-de-San-Nicol\u00e1s-Granada-Featured-768x432.jpg 768w, https:\/\/granadaopen.es\/wp-content\/uploads\/2019\/09\/Mirador-de-San-Nicol\u00e1s-Granada-Featured-600x337.jpg 600w\" sizes=\"(max-width: 900px) 100vw, 900px\" \/><\/figure>\n\n\n<p>\u00a0<\/p>\n<p style=\"text-align: center;\"><strong>ITINERARIO:<\/strong><\/p>\n<p style=\"text-align: center;\"><strong>Tour guiado a pie de dos horas y media de duraci\u00f3n donde conocer\u00e1s la\u00a0 historia de los barrios m\u00e1s carism\u00e1ticos de Granada: el Albaic\u00edn y el Sacromonte. Descubre la historia, las leyendas y la cultura de la mano de un gu\u00eda oficial.<\/strong><br \/><br \/><strong>Visita los vestigios de dinast\u00edas gloriosas que gobernaron durante el \u00faltimo reino musulm\u00e1n de la pen\u00ednsula ib\u00e9rica. Muros, puertas, palacios y mezquitas te est\u00e1n esperando.<\/strong><br \/><br \/><strong>Puento de encuentro y comienzo del tour \u201cPLAZA ISABEL LA CATOLICA\u201d en el centro de la ciudad y recorrer\u00e1s las calles estrechas del Albaic\u00edn, el barrio morisco. D\u00e9jate cautivar por las casas blancas de balcones floridos. Finalmente llegar\u00e1s hasta el Sacromonte, el barrio \u00abflamenco\u00bb de Granada. Ent\u00e9rate por qu\u00e9 la gente vive en cuevas abiertas en la monta\u00f1a y por qu\u00e9 los gitanos escogieron este lugar para asentarse hace siglos.<\/strong><\/p>\n<p>\u00a0<\/p>\n<p style=\"text-align: center;\"><strong>EN EL PRECIO SE INCLUYE:<\/strong><\/p>\n<p style=\"text-align: center;\"><strong>Gu\u00eda oficial.<\/strong><\/p>\n<p style=\"text-align: center;\">\u00a0<\/p>\n<p style=\"text-align: center;\"><strong>PRECIO: 250\u20ac (1pax), se aumenta el precio dependiendo del n\u00famero total de personas en el grupo.<\/strong><\/p>","protected":false},"excerpt":{"rendered":"<p>LA ALHAMBRA Y GENERALIFE \u00a0 \u00a0 ITINERARIO: Recogida a los clientes en el punto de encuentroindicado en sus bonos, \u201cCASAS DE LA MIMBRE JUNTO AL RESTAURANTE LA MIMBRE\u201dCALLE PRINCIPAL DE LA ALHAMBRA. A continuaci\u00f3n comienzo de la visita connuestra gu\u00eda oficial de la Alhambra, con una duraci\u00f3n de 3h la visita. Visitaspara grupos reducidos, m\u00e1ximo&hellip; <br \/> <a class=\"read-more\" href=\"https:\/\/granadaopen.es\/?page_id=355\">Leer m\u00e1s<\/a><\/p>\n","protected":false},"author":2,"featured_media":13,"parent":0,"menu_order":0,"comment_status":"closed","ping_status":"closed","template":"","meta":{"footnotes":""},"class_list":["post-355","page","type-page","status-publish","has-post-thumbnail","hentry"],"_links":{"self":[{"href":"https:\/\/granadaopen.es\/index.php?rest_route=\/wp\/v2\/pages\/355","targetHints":{"allow":["GET"]}}],"collection":[{"href":"https:\/\/granadaopen.es\/index.php?rest_route=\/wp\/v2\/pages"}],"about":[{"href":"https:\/\/granadaopen.es\/index.php?rest_route=\/wp\/v2\/types\/page"}],"author":[{"embeddable":true,"href":"https:\/\/granadaopen.es\/index.php?rest_route=\/wp\/v2\/users\/2"}],"replies":[{"embeddable":true,"href":"https:\/\/granadaopen.es\/index.php?rest_route=%2Fwp%2Fv2%2Fcomments&post=355"}],"version-history":[{"count":11,"href":"https:\/\/granadaopen.es\/index.php?rest_route=\/wp\/v2\/pages\/355\/revisions"}],"predecessor-version":[{"id":420,"href":"https:\/\/granadaopen.es\/index.php?rest_route=\/wp\/v2\/pages\/355\/revisions\/420"}],"wp:featuredmedia":[{"embeddable":true,"href":"https:\/\/granadaopen.es\/index.php?rest_route=\/wp\/v2\/media\/13"}],"wp:attachment":[{"href":"https:\/\/granadaopen.es\/index.php?rest_route=%2Fwp%2Fv2%2Fmedia&parent=355"}],"curies":[{"name":"wp","href":"https:\/\/api.w.org\/{rel}","templated":true}]}}